{"id":68,"date":"2025-09-18T15:04:36","date_gmt":"2025-09-18T13:04:36","guid":{"rendered":"http:\/\/localhost:8888\/cyber_for_good_org\/?page_id=68"},"modified":"2026-04-27T10:08:20","modified_gmt":"2026-04-27T08:08:20","slug":"a-propos","status":"publish","type":"page","link":"https:\/\/cyberforgood.org\/fr\/a-propos\/","title":{"rendered":"\u00c0 propos"},"content":{"rendered":"<section id=\"block-section-hero-block_064a74d4c397d18ca160d68c9eaa6609\" class=\"block-section-hero blank\"><div class=\"content-wrapper\"><img decoding=\"async\" src=\"https:\/\/cyberforgood.org\/wp-content\/uploads\/2025\/10\/HOME_01-665x1024.png\" width=\"665\" height=\"1024\" alt=\"Cyber for Good\"><div class=\"text-wrapper\"><p>Faire de la vuln\u00e9rabilit\u00e9 une force pour la cyber, les personnes et la plan\u00e8te : sensibilisation, formation et accompagnement des acteurs qui portent la d\u00e9mocratie et l&rsquo;int\u00e9r\u00eat g\u00e9n\u00e9ral.<\/p>\n<\/div><div class=\"button-wrapper\"><button class=\"white-hover\"><a href=\"#\" title=\"Rapport d&#039;impact 2024\" target=\"\">Rapport d&#039;impact 2024<\/a><\/button><button class=\"white-hover\"><a href=\"#contact\" title=\"Nous \u00e9crire\" target=\"\">Nous \u00e9crire<\/a><\/button><\/div><\/div><\/section>\n\n<section id=\"block-text-box-block_8b1ebe38599233285d16bbbee3f46ec7\" class=\"block-text-box block-text-box--about-present home-section home-section--white about-quoi\"><div class=\"content-wide about-quoi-split\"><div class=\"about-quoi-copy\"><p class=\"home-v2-eyebrow\">Pr\u00e9sentation<\/p><h2 class=\"section-title\">\ud83d\udee1\ufe0f Qu&rsquo;est-ce que Cyber for Good ? <\/h2><p>Cyber for Good est un programme qui appartient \u00e0 Advens for People and Planet, le fonds de dotation cr\u00e9\u00e9 en 2021 \u00e0 l&rsquo;initiative d&rsquo;Alexandre Fayeulle, pr\u00e9sident et fondateur d&rsquo;Advens. Partag\u00e9e avec l&rsquo;entreprise Advens, la raison d&rsquo;\u00eatre du fonds est de faire de la vuln\u00e9rabilit\u00e9 une force pour la cyber, les personnes et la plan\u00e8te. Advens for People and Planet poursuit deux missions principales :<\/p>\n<p>Aider les personnes et les organisations qui contribuent positivement \u00e0 nos vies et nos d\u00e9mocraties \u00e0 tirer profit du num\u00e9rique en confiance ;<br \/>\nTransformer la soci\u00e9t\u00e9 en contribuant \u00e0 changer nos regards sur la vuln\u00e9rabilit\u00e9 et donc sur la performance.<\/p>\n<div class=\"about-callout\"><p><strong>Rapport<\/strong>\u00a0\u2014 Pour en savoir plus sur Advens for People and Planet, consultez le\u00a0<a href=\"https:\/\/www.calameo.com\/read\/00790594432c466cc6560\" target=\"_blank\" rel=\"noopener noreferrer\">rapport d&rsquo;impact 2024<\/a><\/p>\n<\/div><\/div><aside class=\"about-quoi-aside\" aria-label=\"test\"><a class=\"about-rapport-card\" href=\"#\"><div class=\"about-rapport-card-visual\"><img src=\"https:\/\/cyberforgood.org\/wp-content\/uploads\/2025\/11\/Capture-decran-2025-11-01-a-10.56.51.png\" width=\"706\" height=\"966\" alt=\"\" loading=\"lazy\" decoding=\"async\"><\/div><\/a><\/aside><\/div><\/section>\n\n<section data-block-id=\"block_e0013b8cc6bc6b87a9a7e0c0cff794f7\" id=\"key-figures-block_e0013b8cc6bc6b87a9a7e0c0cff794f7\" class=\"key-figures\"><div class=\"content-wrapper\"><h2 class=\"section-title\">Cyber for Good en chiffres<\/h2><div class=\"key-figures col-2\"><div class=\"key-figure-container initial\"><h4><span>+<\/span><span class=\"figure countup\" id=\"figure-block_e0013b8cc6bc6b87a9a7e0c0cff794f7-1\" data-max-number=\"5000\">0<\/span><br>B\u00e9n\u00e9voles et salari\u00e9s sensibilis\u00e9s \u00e0 la cybers\u00e9curit\u00e9<\/h4><\/div><script>\n\t\tvar waypoint = new Waypoint({\n\t\t  element: document.querySelector(\"[data-block-id='block_e0013b8cc6bc6b87a9a7e0c0cff794f7']\"),\n\t\t  handler: function(direction) {\n\t\t\tArray.from(document.querySelectorAll(\"#figure-block_e0013b8cc6bc6b87a9a7e0c0cff794f7-1\")).forEach(function (elem) {\n\t\t\t  window.numberRush(\"figure-block_e0013b8cc6bc6b87a9a7e0c0cff794f7-1\", {\n\t\t\t\tspeed: 10,\n\t\t\t\tsteps: 50,\n\t\t\t  });\n\t\t\t});\n\t\t  },\n\t\t  offset: \"70%\"\n\t\t})\n\t<\/script><div class=\"key-figure-container initial\"><h4><span>+<\/span><span class=\"figure countup\" id=\"figure-block_e0013b8cc6bc6b87a9a7e0c0cff794f7-2\" data-max-number=\"100\">0<\/span><br>Structures accompagn\u00e9es<\/h4><\/div><script>\n\t\tvar waypoint = new Waypoint({\n\t\t  element: document.querySelector(\"[data-block-id='block_e0013b8cc6bc6b87a9a7e0c0cff794f7']\"),\n\t\t  handler: function(direction) {\n\t\t\tArray.from(document.querySelectorAll(\"#figure-block_e0013b8cc6bc6b87a9a7e0c0cff794f7-2\")).forEach(function (elem) {\n\t\t\t  window.numberRush(\"figure-block_e0013b8cc6bc6b87a9a7e0c0cff794f7-2\", {\n\t\t\t\tspeed: 5,\n\t\t\t\tsteps: 1,\n\t\t\t  });\n\t\t\t});\n\t\t  },\n\t\t  offset: \"70%\"\n\t\t})\n\t<\/script><\/div><\/div><\/section>\n\n<section id=\"block-text-box-block_8f9d20eb7e051a94019d99728ad004df\" class=\"block-text-box block-text-box--about-tortue home-section home-section--white about-tortue\"><div class=\"content-wide\"><p class=\"home-v2-eyebrow\">Identit\u00e9<\/p><h2 class=\"section-title\">\ud83d\udc22 Pourquoi une tortue ?<\/h2><div class=\"about-tortue-lead\"><figure class=\"about-tortue-logo\"><img src=\"https:\/\/cyberforgood.org\/wp-content\/uploads\/2025\/09\/Logo-CFG.svg\" width=\"1\" height=\"1\" alt=\"Logo Cyber For Good\" loading=\"lazy\" decoding=\"async\"><\/figure><div class=\"about-tortue-lead-text\"><p>\u00c0 l&rsquo;\u00e8re d&rsquo;une industrie technologique en acc\u00e9l\u00e9ration constante, la course \u00e0 l&rsquo;innovation semble souvent devenir une fin en soi. Pourtant, la technologie ne doit pas \u00eatre un objectif, mais un levier au service du bien commun. Face \u00e0 cette urgence, Cyber for Good incarne une approche r\u00e9solument diff\u00e9rente : celle de la \u00ab vitesse de la tortue \u00bb. Plut\u00f4t que de c\u00e9der \u00e0 la fr\u00e9n\u00e9sie du progr\u00e8s technologique, le programme propose un temps d&rsquo;apprentissage, de r\u00e9flexion et d&rsquo;action, pour faire du num\u00e9rique une solution durable, inclusive et respectueuse des droits fondamentaux.<\/p>\n<p>Loin des exc\u00e8s du techno-solutionnisme comme des rejets radicaux de la tech, le programme d\u00e9fend une vision du num\u00e9rique align\u00e9e sur les valeurs europ\u00e9ennes, appuy\u00e9e sur trois cadres majeurs :<\/p>\n<\/div><\/div><div class=\"about-tortue-closing\"><h3>Notre engagement<\/h3>\n<p>Cyber for Good s&rsquo;engage \u00e0 promouvoir une technologie responsable, en phase avec ces r\u00e9glementations. Le programme accompagne les acteurs publics, priv\u00e9s et associatifs par la formation, la sensibilisation et l&rsquo;innovation.<\/p>\n<h3>Pourquoi nous rejoindre ?<\/h3>\n<p>Rejoindre Cyber for Good, c&rsquo;est choisir une dynamique collective qui place l&rsquo;\u00e9thique, la transparence et l&rsquo;inclusion au c\u0153ur du num\u00e9rique, et participer \u00e0 l&rsquo;\u00e9mergence d&rsquo;un mod\u00e8le europ\u00e9en respectueux des droits fondamentaux.<\/p>\n<\/div><\/div><\/section>\n\n<section id=\"block-text-box-block_1432593af043ac202ee7d09d1a9bf921\" class=\"block-text-box block-text-box--about-charter home-section home-section--muted about-charte\"><div class=\"content-wide\"><p class=\"home-v2-eyebrow\">\u00c9coconception<\/p><h2 class=\"section-title\">Charte de sobri\u00e9t\u00e9 num\u00e9rique<\/h2><div class=\"about-charter-intro\"><p>Dans un souci de r\u00e9duction de l&#8217;empreinte environnementale, le site est con\u00e7u selon des principes d&rsquo;\u00e9co-conception : limiter la consommation de ressources tout en gardant une exp\u00e9rience efficace et accessible.<\/p>\n<\/div><div class=\"about-charter-grid\"><article class=\"about-charter-card\"><h3>Aller \u00e0 l&#039;essentiel<\/h3><div class=\"about-charter-card-body\"><ol>\n<li>Fonctionnalit\u00e9s strictement n\u00e9cessaires ;<\/li>\n<li>Navigation claire, sans superflu.<\/li>\n<\/ol>\n<\/div><\/article><article class=\"about-charter-card\"><h3>Ressources visuelles<\/h3><div class=\"about-charter-card-body\"><ol>\n<li>Images minimales, illustrations vectorielles (SVG) privil\u00e9gi\u00e9es ;<\/li>\n<li>Optimisation du poids des visuels.<\/li>\n<\/ol>\n<\/div><\/article><article class=\"about-charter-card\"><h3>Simplicit\u00e9 structurelle<\/h3><div class=\"about-charter-card-body\"><ol>\n<li>Pages simples, chargement rapide ;<\/li>\n<li>R\u00e9utilisation maximale des blocs d&rsquo;interface.<\/li>\n<\/ol>\n<\/div><\/article><article class=\"about-charter-card\"><h3>Effets et animations<\/h3><div class=\"about-charter-card-body\"><ol>\n<li>Animations limit\u00e9es aux besoins de navigation ou de compr\u00e9hension ;<\/li>\n<li>Peu de scripts sp\u00e9cifiques.<\/li>\n<\/ol>\n<\/div><\/article><article class=\"about-charter-card\"><h3>Optimisation technique<\/h3><div class=\"about-charter-card-body\"><ol>\n<li>Lazy loading des images ;<\/li>\n<li>Mise en cache des pages et ressources.<\/li>\n<\/ol>\n<\/div><\/article><article class=\"about-charter-card\"><h3>Biblioth\u00e8ques<\/h3><div class=\"about-charter-card-body\"><ol>\n<li>Librairies externes uniquement si indispensables.<\/li>\n<\/ol>\n<\/div><\/article><article class=\"about-charter-card\"><h3>Typographie<\/h3><div class=\"about-charter-card-body\"><ol>\n<li>Polices syst\u00e8me ou g\u00e9n\u00e9riques pour \u00e9viter les requ\u00eates de fontes externes.<\/li>\n<\/ol>\n<\/div><\/article><article class=\"about-charter-card\"><h3>Donn\u00e9es responsables<\/h3><div class=\"about-charter-card-body\"><ol>\n<li>Outil cookies conforme RGPD ;<\/li>\n<li>Statistiques h\u00e9berg\u00e9es en France ou en Europe ;<\/li>\n<li>Outils fran\u00e7ais ou europ\u00e9ens (ex. Brevo, AlwaysData, Complianz).<\/li>\n<\/ol>\n<\/div><\/article><\/div><p class=\"about-credits\"><b>Cr\u00e9dit illustrations<\/b> : Lorenzo Gritti \u2014 <b>Conception graphique et d\u00e9veloppement<\/b> : Johan Giraud.<\/p><\/div><\/section>\n\n<section id=\"contact\" class=\"block-contact\"><h2 class=section-title>Contact<\/h2><div class=\"content-wrapper\"><div class=contact-form-wrapper>\n<div class=\"wpcf7 no-js\" id=\"wpcf7-f564-o1\" lang=\"fr-FR\" dir=\"ltr\" data-wpcf7-id=\"564\">\n<div class=\"screen-reader-response\"><p role=\"status\" aria-live=\"polite\" aria-atomic=\"true\"><\/p> <ul><\/ul><\/div>\n<form action=\"\/fr\/wp-json\/wp\/v2\/pages\/68#wpcf7-f564-o1\" method=\"post\" class=\"wpcf7-form init\" aria-label=\"Formulaire de contact\" novalidate=\"novalidate\" data-status=\"init\">\n<fieldset class=\"hidden-fields-container\"><input type=\"hidden\" name=\"_wpcf7\" value=\"564\" \/><input type=\"hidden\" name=\"_wpcf7_version\" value=\"6.1.5\" \/><input type=\"hidden\" name=\"_wpcf7_locale\" value=\"fr_FR\" \/><input type=\"hidden\" name=\"_wpcf7_unit_tag\" value=\"wpcf7-f564-o1\" \/><input type=\"hidden\" name=\"_wpcf7_container_post\" value=\"0\" \/><input type=\"hidden\" name=\"_wpcf7_posted_data_hash\" value=\"\" \/>\n<\/fieldset>\n<div class=\"row\">\n\t<p><label>Nom<br \/>\n<span class=\"wpcf7-form-control-wrap\" data-name=\"your-name\"><input size=\"40\" maxlength=\"400\" class=\"wpcf7-form-control wpcf7-text wpcf7-validates-as-required\" autocomplete=\"name\" aria-required=\"true\" aria-invalid=\"false\" value=\"\" type=\"text\" name=\"your-name\" \/><\/span><\/label>\n\t<\/p>\n\t<p><label>E-mail<br \/>\n<span class=\"wpcf7-form-control-wrap\" data-name=\"your-email\"><input size=\"40\" maxlength=\"400\" class=\"wpcf7-form-control wpcf7-email wpcf7-validates-as-required wpcf7-text wpcf7-validates-as-email\" autocomplete=\"email\" aria-required=\"true\" aria-invalid=\"false\" value=\"\" type=\"email\" name=\"your-email\" \/><\/span><\/label>\n\t<\/p>\n<\/div>\n<p><label>Message<br \/>\n<span class=\"wpcf7-form-control-wrap\" data-name=\"your-message\"><textarea cols=\"40\" rows=\"10\" maxlength=\"2000\" class=\"wpcf7-form-control wpcf7-textarea\" aria-invalid=\"false\" name=\"your-message\"><\/textarea><\/span><\/label>\n<\/p>\n<div class=\"wpcf7-response-output\" aria-hidden=\"true\"><\/div>\n<p><input class=\"wpcf7-form-control wpcf7-submit has-spinner\" type=\"submit\" value=\"Envoyer\" \/>\n<\/p>\n<p class=\"sib-text-form-block\" style=\"font-size:1rem;\">Les informations recueillies sur ce formulaire sont enregistr\u00e9es dans un fichier informatis\u00e9 par Advens for People and Planet pour le traitement\/suivi de votre demande de contact relative au programme Cyber For Good sur la base de votre consentement.<br \/>\nLes donn\u00e9es collect\u00e9es seront communiqu\u00e9es aux seuls destinataires suivants : service D\u00e9mocratie et Digital d\u2019Advens for People and Planet.<br \/>\nLes donn\u00e9es sont conserv\u00e9es pour une dur\u00e9e de 3 ans.<br \/>\nVous pouvez acc\u00e9der aux donn\u00e9es vous concernant, les rectifier, demander leur effacement ou exercer votre droit \u00e0 la limitation du traitement de vos donn\u00e9es.<br \/>\nPour exercer ces droits ou pour toute question sur le traitement de vos donn\u00e9es dans ce dispositif, vous pouvez contacter notre DPO \u00e0 l\u2019adresse suivante : contact@cyberforgood.org.<br \/>\nPour en savoir plus sur la mani\u00e8re dont les donn\u00e9es personnelles sont collect\u00e9es et trait\u00e9es, nous vous invitons \u00e0 consulter notre <a href=\"https:\/\/cyberforgood.org\/politique-de-protection-des-donnees\/\">politique de protection des donn\u00e9es personnelles<\/a>.\n<\/p>\n<\/form>\n<\/div>\n<\/div><\/div><\/section>","protected":false},"excerpt":{"rendered":"","protected":false},"author":1,"featured_media":0,"parent":0,"menu_order":0,"comment_status":"closed","ping_status":"closed","template":"","meta":{"_acf_changed":false,"footnotes":""},"class_list":["post-68","page","type-page","status-publish","hentry"],"acf":[],"yoast_head":"<!-- This site is optimized with the Yoast SEO plugin v27.5 - https:\/\/yoast.com\/product\/yoast-seo-wordpress\/ -->\n<title>\u00c0 propos - Cyber for Good<\/title>\n<meta name=\"robots\" content=\"index, follow, max-snippet:-1, max-image-preview:large, max-video-preview:-1\" \/>\n<link rel=\"canonical\" href=\"https:\/\/cyberforgood.org\/fr\/a-propos\/\" \/>\n<meta property=\"og:locale\" content=\"fr_FR\" \/>\n<meta property=\"og:type\" content=\"article\" \/>\n<meta property=\"og:title\" content=\"\u00c0 propos - Cyber for Good\" \/>\n<meta property=\"og:url\" content=\"https:\/\/cyberforgood.org\/fr\/a-propos\/\" \/>\n<meta property=\"og:site_name\" content=\"Cyber for Good\" \/>\n<meta property=\"article:modified_time\" content=\"2026-04-27T08:08:20+00:00\" \/>\n<meta name=\"twitter:card\" content=\"summary_large_image\" \/>\n<script type=\"application\/ld+json\" class=\"yoast-schema-graph\">{\"@context\":\"https:\\\/\\\/schema.org\",\"@graph\":[{\"@type\":\"WebPage\",\"@id\":\"https:\\\/\\\/cyberforgood.org\\\/fr\\\/a-propos\\\/\",\"url\":\"https:\\\/\\\/cyberforgood.org\\\/fr\\\/a-propos\\\/\",\"name\":\"\u00c0 propos - Cyber for Good\",\"isPartOf\":{\"@id\":\"https:\\\/\\\/cyberforgood.org\\\/fr\\\/#website\"},\"datePublished\":\"2025-09-18T13:04:36+00:00\",\"dateModified\":\"2026-04-27T08:08:20+00:00\",\"breadcrumb\":{\"@id\":\"https:\\\/\\\/cyberforgood.org\\\/fr\\\/a-propos\\\/#breadcrumb\"},\"inLanguage\":\"fr-FR\",\"potentialAction\":[{\"@type\":\"ReadAction\",\"target\":[\"https:\\\/\\\/cyberforgood.org\\\/fr\\\/a-propos\\\/\"]}]},{\"@type\":\"BreadcrumbList\",\"@id\":\"https:\\\/\\\/cyberforgood.org\\\/fr\\\/a-propos\\\/#breadcrumb\",\"itemListElement\":[{\"@type\":\"ListItem\",\"position\":1,\"name\":\"Accueil\",\"item\":\"https:\\\/\\\/cyberforgood.org\\\/fr\\\/\"},{\"@type\":\"ListItem\",\"position\":2,\"name\":\"\u00c0 propos\"}]},{\"@type\":\"WebSite\",\"@id\":\"https:\\\/\\\/cyberforgood.org\\\/fr\\\/#website\",\"url\":\"https:\\\/\\\/cyberforgood.org\\\/fr\\\/\",\"name\":\"Cyber for Good\",\"description\":\"\",\"publisher\":{\"@id\":\"https:\\\/\\\/cyberforgood.org\\\/fr\\\/#organization\"},\"potentialAction\":[{\"@type\":\"SearchAction\",\"target\":{\"@type\":\"EntryPoint\",\"urlTemplate\":\"https:\\\/\\\/cyberforgood.org\\\/fr\\\/?s={search_term_string}\"},\"query-input\":{\"@type\":\"PropertyValueSpecification\",\"valueRequired\":true,\"valueName\":\"search_term_string\"}}],\"inLanguage\":\"fr-FR\"},{\"@type\":\"Organization\",\"@id\":\"https:\\\/\\\/cyberforgood.org\\\/fr\\\/#organization\",\"name\":\"Cyber for Good\",\"url\":\"https:\\\/\\\/cyberforgood.org\\\/fr\\\/\",\"logo\":{\"@type\":\"ImageObject\",\"inLanguage\":\"fr-FR\",\"@id\":\"https:\\\/\\\/cyberforgood.org\\\/fr\\\/#\\\/schema\\\/logo\\\/image\\\/\",\"url\":\"https:\\\/\\\/cyberforgood.org\\\/wp-content\\\/uploads\\\/2025\\\/09\\\/Logo-CFG.svg\",\"contentUrl\":\"https:\\\/\\\/cyberforgood.org\\\/wp-content\\\/uploads\\\/2025\\\/09\\\/Logo-CFG.svg\",\"caption\":\"Cyber for Good\"},\"image\":{\"@id\":\"https:\\\/\\\/cyberforgood.org\\\/fr\\\/#\\\/schema\\\/logo\\\/image\\\/\"}}]}<\/script>\n<!-- \/ Yoast SEO plugin. -->","yoast_head_json":{"title":"\u00c0 propos - Cyber for Good","robots":{"index":"index","follow":"follow","max-snippet":"max-snippet:-1","max-image-preview":"max-image-preview:large","max-video-preview":"max-video-preview:-1"},"canonical":"https:\/\/cyberforgood.org\/fr\/a-propos\/","og_locale":"fr_FR","og_type":"article","og_title":"\u00c0 propos - Cyber for Good","og_url":"https:\/\/cyberforgood.org\/fr\/a-propos\/","og_site_name":"Cyber for Good","article_modified_time":"2026-04-27T08:08:20+00:00","twitter_card":"summary_large_image","schema":{"@context":"https:\/\/schema.org","@graph":[{"@type":"WebPage","@id":"https:\/\/cyberforgood.org\/fr\/a-propos\/","url":"https:\/\/cyberforgood.org\/fr\/a-propos\/","name":"\u00c0 propos - Cyber for Good","isPartOf":{"@id":"https:\/\/cyberforgood.org\/fr\/#website"},"datePublished":"2025-09-18T13:04:36+00:00","dateModified":"2026-04-27T08:08:20+00:00","breadcrumb":{"@id":"https:\/\/cyberforgood.org\/fr\/a-propos\/#breadcrumb"},"inLanguage":"fr-FR","potentialAction":[{"@type":"ReadAction","target":["https:\/\/cyberforgood.org\/fr\/a-propos\/"]}]},{"@type":"BreadcrumbList","@id":"https:\/\/cyberforgood.org\/fr\/a-propos\/#breadcrumb","itemListElement":[{"@type":"ListItem","position":1,"name":"Accueil","item":"https:\/\/cyberforgood.org\/fr\/"},{"@type":"ListItem","position":2,"name":"\u00c0 propos"}]},{"@type":"WebSite","@id":"https:\/\/cyberforgood.org\/fr\/#website","url":"https:\/\/cyberforgood.org\/fr\/","name":"Cyber for Good","description":"","publisher":{"@id":"https:\/\/cyberforgood.org\/fr\/#organization"},"potentialAction":[{"@type":"SearchAction","target":{"@type":"EntryPoint","urlTemplate":"https:\/\/cyberforgood.org\/fr\/?s={search_term_string}"},"query-input":{"@type":"PropertyValueSpecification","valueRequired":true,"valueName":"search_term_string"}}],"inLanguage":"fr-FR"},{"@type":"Organization","@id":"https:\/\/cyberforgood.org\/fr\/#organization","name":"Cyber for Good","url":"https:\/\/cyberforgood.org\/fr\/","logo":{"@type":"ImageObject","inLanguage":"fr-FR","@id":"https:\/\/cyberforgood.org\/fr\/#\/schema\/logo\/image\/","url":"https:\/\/cyberforgood.org\/wp-content\/uploads\/2025\/09\/Logo-CFG.svg","contentUrl":"https:\/\/cyberforgood.org\/wp-content\/uploads\/2025\/09\/Logo-CFG.svg","caption":"Cyber for Good"},"image":{"@id":"https:\/\/cyberforgood.org\/fr\/#\/schema\/logo\/image\/"}}]}},"_links":{"self":[{"href":"https:\/\/cyberforgood.org\/fr\/wp-json\/wp\/v2\/pages\/68","targetHints":{"allow":["GET"]}}],"collection":[{"href":"https:\/\/cyberforgood.org\/fr\/wp-json\/wp\/v2\/pages"}],"about":[{"href":"https:\/\/cyberforgood.org\/fr\/wp-json\/wp\/v2\/types\/page"}],"author":[{"embeddable":true,"href":"https:\/\/cyberforgood.org\/fr\/wp-json\/wp\/v2\/users\/1"}],"replies":[{"embeddable":true,"href":"https:\/\/cyberforgood.org\/fr\/wp-json\/wp\/v2\/comments?post=68"}],"version-history":[{"count":121,"href":"https:\/\/cyberforgood.org\/fr\/wp-json\/wp\/v2\/pages\/68\/revisions"}],"predecessor-version":[{"id":2308,"href":"https:\/\/cyberforgood.org\/fr\/wp-json\/wp\/v2\/pages\/68\/revisions\/2308"}],"wp:attachment":[{"href":"https:\/\/cyberforgood.org\/fr\/wp-json\/wp\/v2\/media?parent=68"}],"curies":[{"name":"wp","href":"https:\/\/api.w.org\/{rel}","templated":true}]}}