{"id":1607,"date":"2026-04-13T12:36:59","date_gmt":"2026-04-13T10:36:59","guid":{"rendered":"https:\/\/cyberforgood.org\/?page_id=1607"},"modified":"2026-04-24T19:59:35","modified_gmt":"2026-04-24T17:59:35","slug":"bootcamp-cyber-for-good-12juin","status":"publish","type":"page","link":"https:\/\/cyberforgood.org\/fr\/bootcamp-cyber-for-good-12juin\/","title":{"rendered":"\ud83c\udf89 Participez au Bootcamp de Cyber for Good"},"content":{"rendered":"<section id=\"block-section-hero-block_a4f16e74214ccce830ad823b19e0d4a4\" class=\"block-section-hero block-section-hero--no-image ess\"><div class=\"content-wrapper\"><div class=\"text-wrapper\"><h2 class=\"section-title\">\ud83c\udf89 Participez au Bootcamp de Cyber for Good<\/h2><p>Souhaitez-vous mieux conna\u00eetre et vous former aux sujets de cybers\u00e9curit\u00e9 afin de mieux prot\u00e9ger votre association ? Vous avez suivi des modules de l&rsquo;Academy et vous souhaitez aller encore plus loin ?<\/p>\n<\/div><\/div><\/section>\n\n\n<p><strong>Participez au Bootcamp intensif de Cyber for Good qui aura lieu au Campus Cyber Paris le 12 juin !<\/strong><br><\/p>\n\n\n\n<figure class=\"wp-block-image size-large\"><img decoding=\"async\" width=\"1024\" height=\"576\" src=\"https:\/\/cyberforgood.org\/wp-content\/uploads\/2026\/04\/Cyber-for-Good-Bootcamp-Campus-Cyber-1-1024x576.png\" alt=\"\" class=\"wp-image-1623\" srcset=\"https:\/\/cyberforgood.org\/wp-content\/uploads\/2026\/04\/Cyber-for-Good-Bootcamp-Campus-Cyber-1-1024x576.png 1024w, https:\/\/cyberforgood.org\/wp-content\/uploads\/2026\/04\/Cyber-for-Good-Bootcamp-Campus-Cyber-1-300x169.png 300w, https:\/\/cyberforgood.org\/wp-content\/uploads\/2026\/04\/Cyber-for-Good-Bootcamp-Campus-Cyber-1-768x432.png 768w, https:\/\/cyberforgood.org\/wp-content\/uploads\/2026\/04\/Cyber-for-Good-Bootcamp-Campus-Cyber-1-1536x864.png 1536w, https:\/\/cyberforgood.org\/wp-content\/uploads\/2026\/04\/Cyber-for-Good-Bootcamp-Campus-Cyber-1-600x338.png 600w, https:\/\/cyberforgood.org\/wp-content\/uploads\/2026\/04\/Cyber-for-Good-Bootcamp-Campus-Cyber-1.png 1600w\" sizes=\"(max-width: 1024px) 100vw, 1024px\" \/><\/figure>\n\n\n\n<p>Cette journ\u00e9e rassemblera 50 responsables associatifs, les experts en cybers\u00e9curit\u00e9 d\u2019Advens et Devoteam pour des masterclass exclusives, ainsi qu\u2019une restitution des projets collaboratifs d\u00e9velopp\u00e9s avec les partenaires de Cyber for Good ESS. Une exp\u00e9rience immersive pour approfondir vos comp\u00e9tences, \u00e9changer avec des professionnels passionn\u00e9s, et valoriser concr\u00e8tement votre engagement.<\/p>\n\n\n\n<p><strong>Les objectifs <br><\/strong>Les objectifs de cette journ\u00e9e sont :&nbsp;<\/p>\n\n\n\n<ol class=\"wp-block-list\">\n<li>Acculturer et sensibiliser aux enjeux de cybers\u00e9curit\u00e9, num\u00e9rique responsable et souverainet\u00e9 digitale ;<\/li>\n\n\n\n<li>Partager les r\u00e9sultats \u00e0 travers la prise de parole des associations accompagn\u00e9es ;<\/li>\n\n\n\n<li>Conseiller et outiller les associations \u00e0 travers des sessions pratiques et de conseil.<\/li>\n<\/ol>\n\n\n\n<div class=\"wp-block-buttons is-content-justification-center is-layout-flex wp-container-core-buttons-is-layout-16018d1d wp-block-buttons-is-layout-flex\">\n<div class=\"wp-block-button\"><a class=\"wp-block-button__link has-text-align-center wp-element-button\" href=\"https:\/\/forms.office.com\/Pages\/ResponsePage.aspx?id=7riy_cjqU02egvBHs3CZ-ITNQCS0vIROlSm2s7HC65lUQVc1UFdKMFREODJOQko1RUlQOUpCMzQxSi4u\">Inscrivez-vous au bootcamp !<\/a><\/div>\n<\/div>\n\n\n\n<p><strong>Le d\u00e9roul\u00e9 du 12 juin 2026<\/strong><\/p>\n\n\n\n<figure class=\"wp-block-table\"><table class=\"has-fixed-layout\"><tbody><tr><td><\/td><td><strong>Activit\u00e9s<\/strong><\/td><td><strong>Intervenants<\/strong><\/td><\/tr><tr><td>9h<\/td><td>Accueil caf\u00e9<\/td><td><\/td><\/tr><tr><td>9h30<\/td><td>Introduction I<strong> Cyber for Good<\/strong><\/td><td>. <strong>Giulio Zucchini<\/strong> I Cyber for Good <br>. <strong>Aline Morestin<\/strong> I Campus Cyber \/ C4T<\/td><\/tr><tr><td>9h40<\/td><td>Table ronde<br><strong>Tous vuln\u00e9rables<\/strong><br>Pourquoi parler de cyber en 2026 ? Les chiffres et les faits marquants qui expliquent l\u2019\u00e9volution de la menace cyber en 2025-26, et l&rsquo;arriv\u00e9e de l&rsquo;IA.<br>Pourquoi les organisations de l\u2019ESS sont concern\u00e9es ? ONG, associations\u2026 les attaquants ciblent les vuln\u00e9rabilit\u00e9s, peu importe la taille de la structure.<\/td><td><br>. <strong>Timoth\u00e9e Gosselin<\/strong>&nbsp;I Fondateur de Lasuite.coop<br><br>. <strong>Amine Baba Aissa<\/strong>&nbsp;I Responsable de la rubrique Cyberguerre de Numerama<br><br>. <strong>J\u00e9r\u00e9mie Jourdin<\/strong>&nbsp;I Head of R&amp;D d\u2019Advens<br><br>. <strong>Bastien Lasorne<\/strong> I Auditeur Cyber,&nbsp;EDIH&nbsp;\u00b7&nbsp;CYBIAH<em><br><\/em><br>Mod\u00e9ration I Giulio Zucchini &amp; Aline Morestin<br><\/td><\/tr><tr><td>10h30<\/td><td>Masterclass I&nbsp;<strong>Comment hacker une boite mail<\/strong><\/td><td><br>. <strong>Quentin L. &amp; Claire P.<\/strong> I Advens<br><\/td><\/tr><tr><td>11h15<\/td><td>Cyber Caf\u00e9<br><strong>Parlez avec votre voisin<\/strong><\/td><td><\/td><\/tr><tr><td>11h30<\/td><td>RETEX<br><strong>Comment&nbsp;Cyber for Good a chang\u00e9&nbsp;les pratiques cyber de mon association<\/strong><br><\/td><td>. <strong>Guillaume Angue<\/strong> et <strong>Franck Jacquelin<\/strong> I Oxfam France<br><br>. <strong>Thomas Grossain-Camier <\/strong>I Reconnect<br><br>. <strong>Cyprien Leseurre<\/strong> I Advens<br><br>Mod\u00e9ration : Elsa Bouterin<\/td><\/tr><tr><td>12h30<\/td><td><strong>Lunch<\/strong><br><\/td><td><\/td><\/tr><tr><td>14h<\/td><td><strong>Au travail !<br><\/strong><br><strong>Groupe 1<\/strong> I&nbsp;<br>14h &#8211; Atelier feuille de route cyber<br><strong><br>Groupe 2<\/strong> I&nbsp;<br>14h &#8211; Test the tools I Advens<br>14h45 &#8211; Bye bye GAFAM ! LaSuite.Coop<br><\/td><td><br>Les activit\u00e9s sont organis\u00e9es en deux groupes de 25 participants <br><\/td><\/tr><tr><td>15h30<\/td><td><strong>Au travail !<br><\/strong><br><strong>Groupe 2<\/strong> I&nbsp;<br>14h &#8211; Test the tools I Advens14h45 &#8211; Bye bye GAFAM ! LaSuite.Coop<br><br><strong>Groupe 1<\/strong> I&nbsp;<br>14h &#8211; Atelier feuille de route cyber I Advens+ Distribution du guide<strong><br><\/strong><\/td><td><br><br>Les activit\u00e9s sont organis\u00e9es en deux groupes de 25 participants<\/td><\/tr><tr><td>17h<\/td><td><strong>Cl\u00f4ture<\/strong><\/td><td><\/td><\/tr><\/tbody><\/table><\/figure>\n\n\n\n<div class=\"wp-block-buttons is-content-justification-center is-layout-flex wp-container-core-buttons-is-layout-16018d1d wp-block-buttons-is-layout-flex\">\n<div class=\"wp-block-button\"><a class=\"wp-block-button__link wp-element-button\" href=\"https:\/\/forms.office.com\/Pages\/ResponsePage.aspx?id=7riy_cjqU02egvBHs3CZ-ITNQCS0vIROlSm2s7HC65lUQVc1UFdKMFREODJOQko1RUlQOUpCMzQxSi4u\">Inscrivez-vous au bootcamp !<\/a><\/div>\n<\/div>\n","protected":false},"excerpt":{"rendered":"<p>Participez au Bootcamp intensif de Cyber for Good qui aura lieu au Campus Cyber Paris le 12 juin ! Cette journ\u00e9e rassemblera 50 responsables associatifs, les experts en cybers\u00e9curit\u00e9 d\u2019Advens&#8230;<\/p>\n","protected":false},"author":2,"featured_media":0,"parent":0,"menu_order":0,"comment_status":"closed","ping_status":"closed","template":"","meta":{"_acf_changed":false,"footnotes":""},"class_list":["post-1607","page","type-page","status-publish","hentry"],"acf":[],"yoast_head":"<!-- This site is optimized with the Yoast SEO plugin v27.5 - https:\/\/yoast.com\/product\/yoast-seo-wordpress\/ -->\n<title>\ud83c\udf89 Participez au Bootcamp de Cyber for Good - Cyber for Good<\/title>\n<meta name=\"robots\" content=\"index, follow, max-snippet:-1, max-image-preview:large, max-video-preview:-1\" \/>\n<link rel=\"canonical\" href=\"https:\/\/cyberforgood.org\/fr\/bootcamp-cyber-for-good-12juin\/\" \/>\n<meta property=\"og:locale\" content=\"fr_FR\" \/>\n<meta property=\"og:type\" content=\"article\" \/>\n<meta property=\"og:title\" content=\"\ud83c\udf89 Participez au Bootcamp de Cyber for Good - Cyber for Good\" \/>\n<meta property=\"og:description\" content=\"Participez au Bootcamp intensif de Cyber for Good qui aura lieu au Campus Cyber Paris le 12 juin ! Cette journ\u00e9e rassemblera 50 responsables associatifs, les experts en cybers\u00e9curit\u00e9 d\u2019Advens...\" \/>\n<meta property=\"og:url\" content=\"https:\/\/cyberforgood.org\/fr\/bootcamp-cyber-for-good-12juin\/\" \/>\n<meta property=\"og:site_name\" content=\"Cyber for Good\" \/>\n<meta property=\"article:modified_time\" content=\"2026-04-24T17:59:35+00:00\" \/>\n<meta property=\"og:image\" content=\"https:\/\/cyberforgood.org\/wp-content\/uploads\/2026\/04\/Cyber-for-Good-Bootcamp-Campus-Cyber-1-1024x576.png\" \/>\n<meta name=\"twitter:card\" content=\"summary_large_image\" \/>\n<meta name=\"twitter:label1\" content=\"Dur\u00e9e de lecture estim\u00e9e\" \/>\n\t<meta name=\"twitter:data1\" content=\"3 minutes\" \/>\n<script type=\"application\/ld+json\" class=\"yoast-schema-graph\">{\"@context\":\"https:\\\/\\\/schema.org\",\"@graph\":[{\"@type\":\"WebPage\",\"@id\":\"https:\\\/\\\/cyberforgood.org\\\/fr\\\/bootcamp-cyber-for-good-12juin\\\/\",\"url\":\"https:\\\/\\\/cyberforgood.org\\\/fr\\\/bootcamp-cyber-for-good-12juin\\\/\",\"name\":\"\ud83c\udf89 Participez au Bootcamp de Cyber for Good - Cyber for Good\",\"isPartOf\":{\"@id\":\"https:\\\/\\\/cyberforgood.org\\\/fr\\\/#website\"},\"primaryImageOfPage\":{\"@id\":\"https:\\\/\\\/cyberforgood.org\\\/fr\\\/bootcamp-cyber-for-good-12juin\\\/#primaryimage\"},\"image\":{\"@id\":\"https:\\\/\\\/cyberforgood.org\\\/fr\\\/bootcamp-cyber-for-good-12juin\\\/#primaryimage\"},\"thumbnailUrl\":\"https:\\\/\\\/cyberforgood.org\\\/wp-content\\\/uploads\\\/2026\\\/04\\\/Cyber-for-Good-Bootcamp-Campus-Cyber-1-1024x576.png\",\"datePublished\":\"2026-04-13T10:36:59+00:00\",\"dateModified\":\"2026-04-24T17:59:35+00:00\",\"breadcrumb\":{\"@id\":\"https:\\\/\\\/cyberforgood.org\\\/fr\\\/bootcamp-cyber-for-good-12juin\\\/#breadcrumb\"},\"inLanguage\":\"fr-FR\",\"potentialAction\":[{\"@type\":\"ReadAction\",\"target\":[\"https:\\\/\\\/cyberforgood.org\\\/fr\\\/bootcamp-cyber-for-good-12juin\\\/\"]}]},{\"@type\":\"ImageObject\",\"inLanguage\":\"fr-FR\",\"@id\":\"https:\\\/\\\/cyberforgood.org\\\/fr\\\/bootcamp-cyber-for-good-12juin\\\/#primaryimage\",\"url\":\"https:\\\/\\\/cyberforgood.org\\\/wp-content\\\/uploads\\\/2026\\\/04\\\/Cyber-for-Good-Bootcamp-Campus-Cyber-1-1024x576.png\",\"contentUrl\":\"https:\\\/\\\/cyberforgood.org\\\/wp-content\\\/uploads\\\/2026\\\/04\\\/Cyber-for-Good-Bootcamp-Campus-Cyber-1-1024x576.png\"},{\"@type\":\"BreadcrumbList\",\"@id\":\"https:\\\/\\\/cyberforgood.org\\\/fr\\\/bootcamp-cyber-for-good-12juin\\\/#breadcrumb\",\"itemListElement\":[{\"@type\":\"ListItem\",\"position\":1,\"name\":\"Accueil\",\"item\":\"https:\\\/\\\/cyberforgood.org\\\/fr\\\/\"},{\"@type\":\"ListItem\",\"position\":2,\"name\":\"\ud83c\udf89 Participez au Bootcamp de Cyber for Good\"}]},{\"@type\":\"WebSite\",\"@id\":\"https:\\\/\\\/cyberforgood.org\\\/fr\\\/#website\",\"url\":\"https:\\\/\\\/cyberforgood.org\\\/fr\\\/\",\"name\":\"Cyber for Good\",\"description\":\"\",\"publisher\":{\"@id\":\"https:\\\/\\\/cyberforgood.org\\\/fr\\\/#organization\"},\"potentialAction\":[{\"@type\":\"SearchAction\",\"target\":{\"@type\":\"EntryPoint\",\"urlTemplate\":\"https:\\\/\\\/cyberforgood.org\\\/fr\\\/?s={search_term_string}\"},\"query-input\":{\"@type\":\"PropertyValueSpecification\",\"valueRequired\":true,\"valueName\":\"search_term_string\"}}],\"inLanguage\":\"fr-FR\"},{\"@type\":\"Organization\",\"@id\":\"https:\\\/\\\/cyberforgood.org\\\/fr\\\/#organization\",\"name\":\"Cyber for Good\",\"url\":\"https:\\\/\\\/cyberforgood.org\\\/fr\\\/\",\"logo\":{\"@type\":\"ImageObject\",\"inLanguage\":\"fr-FR\",\"@id\":\"https:\\\/\\\/cyberforgood.org\\\/fr\\\/#\\\/schema\\\/logo\\\/image\\\/\",\"url\":\"https:\\\/\\\/cyberforgood.org\\\/wp-content\\\/uploads\\\/2025\\\/09\\\/Logo-CFG.svg\",\"contentUrl\":\"https:\\\/\\\/cyberforgood.org\\\/wp-content\\\/uploads\\\/2025\\\/09\\\/Logo-CFG.svg\",\"caption\":\"Cyber for Good\"},\"image\":{\"@id\":\"https:\\\/\\\/cyberforgood.org\\\/fr\\\/#\\\/schema\\\/logo\\\/image\\\/\"}}]}<\/script>\n<!-- \/ Yoast SEO plugin. -->","yoast_head_json":{"title":"\ud83c\udf89 Participez au Bootcamp de Cyber for Good - Cyber for Good","robots":{"index":"index","follow":"follow","max-snippet":"max-snippet:-1","max-image-preview":"max-image-preview:large","max-video-preview":"max-video-preview:-1"},"canonical":"https:\/\/cyberforgood.org\/fr\/bootcamp-cyber-for-good-12juin\/","og_locale":"fr_FR","og_type":"article","og_title":"\ud83c\udf89 Participez au Bootcamp de Cyber for Good - Cyber for Good","og_description":"Participez au Bootcamp intensif de Cyber for Good qui aura lieu au Campus Cyber Paris le 12 juin ! Cette journ\u00e9e rassemblera 50 responsables associatifs, les experts en cybers\u00e9curit\u00e9 d\u2019Advens...","og_url":"https:\/\/cyberforgood.org\/fr\/bootcamp-cyber-for-good-12juin\/","og_site_name":"Cyber for Good","article_modified_time":"2026-04-24T17:59:35+00:00","og_image":[{"url":"https:\/\/cyberforgood.org\/wp-content\/uploads\/2026\/04\/Cyber-for-Good-Bootcamp-Campus-Cyber-1-1024x576.png","type":"","width":"","height":""}],"twitter_card":"summary_large_image","twitter_misc":{"Dur\u00e9e de lecture estim\u00e9e":"3 minutes"},"schema":{"@context":"https:\/\/schema.org","@graph":[{"@type":"WebPage","@id":"https:\/\/cyberforgood.org\/fr\/bootcamp-cyber-for-good-12juin\/","url":"https:\/\/cyberforgood.org\/fr\/bootcamp-cyber-for-good-12juin\/","name":"\ud83c\udf89 Participez au Bootcamp de Cyber for Good - Cyber for Good","isPartOf":{"@id":"https:\/\/cyberforgood.org\/fr\/#website"},"primaryImageOfPage":{"@id":"https:\/\/cyberforgood.org\/fr\/bootcamp-cyber-for-good-12juin\/#primaryimage"},"image":{"@id":"https:\/\/cyberforgood.org\/fr\/bootcamp-cyber-for-good-12juin\/#primaryimage"},"thumbnailUrl":"https:\/\/cyberforgood.org\/wp-content\/uploads\/2026\/04\/Cyber-for-Good-Bootcamp-Campus-Cyber-1-1024x576.png","datePublished":"2026-04-13T10:36:59+00:00","dateModified":"2026-04-24T17:59:35+00:00","breadcrumb":{"@id":"https:\/\/cyberforgood.org\/fr\/bootcamp-cyber-for-good-12juin\/#breadcrumb"},"inLanguage":"fr-FR","potentialAction":[{"@type":"ReadAction","target":["https:\/\/cyberforgood.org\/fr\/bootcamp-cyber-for-good-12juin\/"]}]},{"@type":"ImageObject","inLanguage":"fr-FR","@id":"https:\/\/cyberforgood.org\/fr\/bootcamp-cyber-for-good-12juin\/#primaryimage","url":"https:\/\/cyberforgood.org\/wp-content\/uploads\/2026\/04\/Cyber-for-Good-Bootcamp-Campus-Cyber-1-1024x576.png","contentUrl":"https:\/\/cyberforgood.org\/wp-content\/uploads\/2026\/04\/Cyber-for-Good-Bootcamp-Campus-Cyber-1-1024x576.png"},{"@type":"BreadcrumbList","@id":"https:\/\/cyberforgood.org\/fr\/bootcamp-cyber-for-good-12juin\/#breadcrumb","itemListElement":[{"@type":"ListItem","position":1,"name":"Accueil","item":"https:\/\/cyberforgood.org\/fr\/"},{"@type":"ListItem","position":2,"name":"\ud83c\udf89 Participez au Bootcamp de Cyber for Good"}]},{"@type":"WebSite","@id":"https:\/\/cyberforgood.org\/fr\/#website","url":"https:\/\/cyberforgood.org\/fr\/","name":"Cyber for Good","description":"","publisher":{"@id":"https:\/\/cyberforgood.org\/fr\/#organization"},"potentialAction":[{"@type":"SearchAction","target":{"@type":"EntryPoint","urlTemplate":"https:\/\/cyberforgood.org\/fr\/?s={search_term_string}"},"query-input":{"@type":"PropertyValueSpecification","valueRequired":true,"valueName":"search_term_string"}}],"inLanguage":"fr-FR"},{"@type":"Organization","@id":"https:\/\/cyberforgood.org\/fr\/#organization","name":"Cyber for Good","url":"https:\/\/cyberforgood.org\/fr\/","logo":{"@type":"ImageObject","inLanguage":"fr-FR","@id":"https:\/\/cyberforgood.org\/fr\/#\/schema\/logo\/image\/","url":"https:\/\/cyberforgood.org\/wp-content\/uploads\/2025\/09\/Logo-CFG.svg","contentUrl":"https:\/\/cyberforgood.org\/wp-content\/uploads\/2025\/09\/Logo-CFG.svg","caption":"Cyber for Good"},"image":{"@id":"https:\/\/cyberforgood.org\/fr\/#\/schema\/logo\/image\/"}}]}},"_links":{"self":[{"href":"https:\/\/cyberforgood.org\/fr\/wp-json\/wp\/v2\/pages\/1607","targetHints":{"allow":["GET"]}}],"collection":[{"href":"https:\/\/cyberforgood.org\/fr\/wp-json\/wp\/v2\/pages"}],"about":[{"href":"https:\/\/cyberforgood.org\/fr\/wp-json\/wp\/v2\/types\/page"}],"author":[{"embeddable":true,"href":"https:\/\/cyberforgood.org\/fr\/wp-json\/wp\/v2\/users\/2"}],"replies":[{"embeddable":true,"href":"https:\/\/cyberforgood.org\/fr\/wp-json\/wp\/v2\/comments?post=1607"}],"version-history":[{"count":24,"href":"https:\/\/cyberforgood.org\/fr\/wp-json\/wp\/v2\/pages\/1607\/revisions"}],"predecessor-version":[{"id":2286,"href":"https:\/\/cyberforgood.org\/fr\/wp-json\/wp\/v2\/pages\/1607\/revisions\/2286"}],"wp:attachment":[{"href":"https:\/\/cyberforgood.org\/fr\/wp-json\/wp\/v2\/media?parent=1607"}],"curies":[{"name":"wp","href":"https:\/\/api.w.org\/{rel}","templated":true}]}}