{"id":1504,"date":"2025-09-18T11:16:40","date_gmt":"2025-09-18T09:16:40","guid":{"rendered":"https:\/\/cyberforgood.org\/politique-de-protection-des-donnees\/"},"modified":"2026-02-17T17:02:44","modified_gmt":"2026-02-17T16:02:44","slug":"politique-de-protection-des-donnees","status":"publish","type":"page","link":"https:\/\/cyberforgood.org\/es\/politique-de-protection-des-donnees\/","title":{"rendered":"Politique de protection des donn\u00e9es"},"content":{"rendered":"<section id=\"block-text-box-block_c0dfd0250fde9956236637362034ea7f\" class=\"block-text-box\"><div class=\"content-wrapper\"><div class=text-wrapper><p>1.<strong> D\u00e9finitions\u202f<\/strong><\/p>\n<p><span data-contrast=\"auto\">\u00ab Cyberforgood \u00bb : d\u00e9signe la marque appartenant au fonds de dotation Advens for People and Planet. Elle propose deux programmes d\u2019accompagnement et d\u2019acculturation sur les enjeux cyber d\u00e9di\u00e9s aux acteurs de l\u2019ESS et aux m\u00e9dias vuln\u00e9rables.\u202f<\/span><span data-ccp-props=\"{}\">\u00a0<\/span><\/p>\n<p><span data-contrast=\"auto\">Advens for People and Planet\u202f<\/span><br \/>\n<span data-contrast=\"auto\">Fonds de dotation\u202f<\/span><br \/>\n<span data-contrast=\"auto\">38 rue des Je\u00fbneurs\u202f<\/span><br \/>\n<span data-contrast=\"auto\">75002 PARIS\u202f<\/span><br \/>\n<span data-contrast=\"auto\">SIREN : 901 629 881\u202f<\/span><span data-ccp-props=\"{}\">\u00a0<\/span><\/p>\n<p><span data-contrast=\"auto\">\u202f\u00ab Destinataire \u00bb : d\u00e9signe la personne physique ou morale, l\u2019autorit\u00e9 publique, le service ou tout autre organisme qui re\u00e7oit communication des Donn\u00e9es Personnelles, qu\u2019il s\u2019agisse ou non d\u2019un tiers.\u202f<\/span><span data-ccp-props=\"{}\">\u00a0<\/span><\/p>\n<p><span data-contrast=\"auto\">\u00ab Donn\u00e9es personnelles \u00bb : toute information se rapportant \u00e0 une personne physique identifi\u00e9e ou identifiable (ci-apr\u00e8s d\u00e9nomm\u00e9e \u00abPersonne concern\u00e9e\u00bb) ; est r\u00e9put\u00e9e \u00eatre une \u00abpersonne physique identifiable\u00bb une personne physique qui peut \u00eatre identifi\u00e9e, directement ou indirectement, notamment par r\u00e9f\u00e9rence \u00e0 un identifiant, tel qu&#8217;un nom, un num\u00e9ro d&#8217;identification, des donn\u00e9es de localisation, un identifiant en ligne, ou \u00e0 un ou plusieurs \u00e9l\u00e9ments sp\u00e9cifiques propres \u00e0 son identit\u00e9 physique, physiologique, g\u00e9n\u00e9tique, psychique, \u00e9conomique, culturelle ou sociale;\u202f\u202f<\/span><span data-ccp-props=\"{}\">\u00a0<\/span><\/p>\n<p><span data-contrast=\"auto\">\u00ab Responsable de traitement \u00bb : d\u00e9signe l\u2019entit\u00e9 Advens for People and Planet qui d\u00e9cide des finalit\u00e9s du traitement et des moyens allou\u00e9s.\u202f\u202f<\/span><span data-ccp-props=\"{}\">\u00a0<\/span><\/p>\n<p><span data-contrast=\"auto\">\u00ab RGPD \u00bb : d\u00e9signe le r\u00e8glement UE 2016\/679 du Parlement europ\u00e9en et du Conseil du 27 avril 2016 relatif \u00e0 la protection des personnes physiques \u00e0 l&#8217;\u00e9gard du traitement des donn\u00e9es \u00e0 caract\u00e8re personnel et \u00e0 la libre circulation de ces donn\u00e9es, et abrogeant la directive 95\/46\/CE.\u202f<\/span><span data-ccp-props=\"{}\">\u00a0<\/span><\/p>\n<p><span data-contrast=\"auto\">\u00ab Sous-traitant \u00bb : d\u00e9signe les entit\u00e9s qui traitent les Donn\u00e9es personnelles pour le compte du Responsable du Traitement.\u202f\u202f<\/span><span data-ccp-props=\"{}\">\u00a0<\/span><\/p>\n<p><span data-contrast=\"auto\">\u00ab Traitement \u00bb : d\u00e9signe une ou plusieurs op\u00e9rations automatis\u00e9es et appliqu\u00e9es \u00e0 la collecte des donn\u00e9es ou d\u2019un ensemble de donn\u00e9es \u00e0 caract\u00e8re personnel permettant la collecte, l\u2019enregistrement, l\u2019organisation, la structuration, le stockage, l\u2019adaptation ou la modification, la r\u00e9cup\u00e9ration, la consultation, l\u2019utilisation, la divulgation par transmission, la diffusion ou toute autre forme de mise \u00e0 disposition, l\u2019alignement ou la combinaison, la restriction, l\u2019effacement ou la destruction.\u202f<\/span><span data-ccp-props=\"{}\">\u00a0<\/span><\/p>\n<p><span data-contrast=\"auto\">\u00ab Transfert \u00bb : d\u00e9signe les transferts vers un pays tiers, de Donn\u00e9es personnelles qui font ou sont destin\u00e9es \u00e0 faire l&#8217;objet d&#8217;un traitement.\u202f<\/span><\/p>\n<p>2. <strong>Objet<\/strong><\/p>\n<p><span data-contrast=\"auto\">La pr\u00e9sente politique d\u00e9crit la mani\u00e8re dont Advens for People and Planet traite vos Donn\u00e9es personnelles lors de votre navigation sur Cyberforgood ci-apr\u00e8s nomm\u00e9 le \u00ab Site \u00bb.\u202f<\/span><span data-ccp-props=\"{}\">\u00a0<\/span><\/p>\n<p><span data-contrast=\"auto\">Advens for People and Planet en tant que Responsable de traitement, accorde une grande importance \u00e0 la protection des Donn\u00e9es personnelles des utilisateurs du Site, s\u2019engage et met en place des mesures techniques et op\u00e9rationnelles pour traiter les donn\u00e9es collect\u00e9es dans le respect de la protection de la vie priv\u00e9e.\u202f\u202f<\/span><\/p>\n<p>3.<strong> Responsable de traitement\u202f<\/strong><\/p>\n<p><span data-contrast=\"auto\">Advens for People and Planet agit en tant que Responsables de traitement qui collecte vos donn\u00e9es \u00e0 caract\u00e8re personnel. Il est possible de le contacter \u00e0 l\u2019adresse suivante : <\/span><a href=\"mailto:contact@cyberforgood.fr\"><span data-contrast=\"none\">contact@cyberforgood.fr<\/span><\/a><span data-contrast=\"auto\">.\u202f<\/span><span data-ccp-props=\"{}\">\u00a0<\/span><\/p>\n<p><span data-contrast=\"auto\">\u200d\u202f4. <strong>Le traitement de vos donn\u00e9es<\/strong>\u202f<\/span><span data-ccp-props=\"{}\">\u00a0<\/span><\/p>\n<p><span data-contrast=\"auto\">Advens for People and Planet traite uniquement les donn\u00e9es qui lui sont n\u00e9cessaires, et ce en vertu de la r\u00e8glementation sur la protection des donn\u00e9es en se fondant sur une base juridique valable. Les diff\u00e9rentes finalit\u00e9s de ces Traitements sont d\u00e9crites dans le tableau ci-dessous.\u202f<\/span><span data-ccp-props=\"{}\">\u00a0<\/span><\/p>\n<p><span data-contrast=\"auto\">Pour chaque traitement, Advens for People and Planet recueille et utilise uniquement les donn\u00e9es pertinentes et n\u00e9cessaires \u00e0 l\u2019objectif poursuivi :\u202f<\/span><span data-ccp-props=\"{}\">\u00a0<\/span><\/p>\n<\/div><\/div><\/section>\n\n\n<p><\/p>\n\n\n\n<figure class=\"wp-block-table\"><table class=\"has-fixed-layout\"><tbody><tr><td><strong>Traitements<\/strong><\/td><td><strong>Finalit\u00e9s<\/strong><\/td><td><strong>Donn\u00e9es collect\u00e9es<\/strong><\/td><td><strong>Base l\u00e9gale<\/strong><\/td><\/tr><tr><td>Gestion de l&#8217;inscription \u00e0 l&#8217;Academy Cyber for Good ESS<\/td><td>Permet de faire un suivi aux utilisateurs int\u00e9ress\u00e9s aux webinaires, au Bootcamp et \u00e0 poursuivre le programme.<\/td><td>Pr\u00e9nom<br>Nom<br>Adresse mail<br>Nom de la structure Structure<br>R\u00f4le<br>Sujet prioritaire<\/td><td>Consentement de la personne concern\u00e9e.<\/td><\/tr><tr><td>Gestion de la prise de contact<\/td><td>Permet de r\u00e9pondre aux questions envoy\u00e9es \u00e0 l&#8217;adresse mail de cette rubrique via la formulaire.<\/td><td>Pr\u00e9nom<br>Nom<br>Mail<br>Organisation<br>Tout autre donn\u00e9es communiqu\u00e9e dans le mail par l&#8217;utilisateur.<\/td><td>Consentement de la personne concern\u00e9e.<\/td><\/tr><tr><td>Gestion de la candidature \u00e0 Cyber for Good M\u00e9dia<\/td><td>Permet de faire un suivi aux utilisateurs int\u00e9ress\u00e9s \u00e0 participer au programme d&#8217;accompagnement.<\/td><td>Prenom <br>Nom <br>Adresse mail  <br>Ville de r\u00e9sidence <br>Nom du m\u00e9dia (si applicable) <br>Nombre de salari\u00e9s (si applicable) Lien vers un article publi\u00e9 <br>Exp\u00e9rience professionnelle (en ann\u00e9es) <br>Niveau de connaissances informatiques : outils num\u00e9riques, coding et osint<br>Sujets trait\u00e9s <br>Sujets \u00e0 explorer Motivation<\/td><td>Consentement de la personne concern\u00e9e.<\/td><\/tr><tr><td>Gestion de la demande d&#8217;accompagnement en pro bono<\/td><td>Permet de faire un suivi aux utilisateurs int\u00e9ress\u00e9s par un soutien ou accompagnement en pro bono.<\/td><td>Pr\u00e9nom<br>Nom<br>R\u00f4le<br>Adresse mail<br>Taille de la structure<br>Objectif de l&#8217;organisation <br>Chiffres d&#8217;affaires<br>Qualification du risque<br>P\u00e9rim\u00e8tre de la mission<\/td><td>Consentement de la personne concern\u00e9e.<\/td><\/tr><\/tbody><\/table><\/figure>\n\n\n<section id=\"block-text-box-block_fd32c9d59b6b6a46ce7f6bbbfbdcf01e\" class=\"block-text-box\"><div class=\"content-wrapper\"><div class=text-wrapper><p>5. <strong>Dur\u00e9e de conservation\u202f<\/strong><\/p>\n<p><span data-contrast=\"auto\">La dur\u00e9e de conservation des Donn\u00e9es personnelles ne d\u00e9passe pas celle n\u00e9cessaire aux fins pour lesquelles elles ont \u00e9t\u00e9 collect\u00e9es :\u202f<\/span><span data-ccp-props=\"{}\">\u00a0<\/span><\/p>\n<p><span data-contrast=\"auto\">Donn\u00e9es d\u2019identification (mail, pr\u00e9nom, nom) : 3 ans\u202f<\/span><br \/>\n<span data-contrast=\"auto\">Donn\u00e9es professionnelles (fonction, organisation, url site) : 3 ans\u202f<\/span><br \/>\n<span data-contrast=\"auto\">Autre type de donn\u00e9es : 3 ans\u202f<\/span><span data-ccp-props=\"{}\">\u00a0<\/span><\/p>\n<ol start=\"6\">\n<li><strong> Destinataires des donn\u00e9es\u202f<\/strong><\/li>\n<\/ol>\n<p><span data-contrast=\"auto\">6.1 <strong>Les services internes<\/strong>\u202f\u202f<\/span><span data-ccp-props=\"{}\">\u00a0<\/span><\/p>\n<p><span data-contrast=\"auto\">Pour atteindre les finalit\u00e9s d\u00e9crites ci-dessus et dans les limites n\u00e9cessaires \u00e0 la poursuite de ces finalit\u00e9s, les donn\u00e9es collect\u00e9es par Advens for People and Planet peuvent \u00eatre transmises \u00e0 tout ou partie des destinataires suivants en interne :\u202f\u202f<\/span><span data-ccp-props=\"{}\">\u00a0<\/span><\/p>\n<p><span data-contrast=\"auto\">Chez Advens for People and Planet : Service D\u00e9mocratie et Digital.<\/span><\/p>\n<p><span data-contrast=\"auto\">6.2 <strong>Les services externes\u202f<\/strong><\/span><strong>\u00a0<\/strong><\/p>\n<p><span data-contrast=\"auto\">Pour atteindre les finalit\u00e9s d\u00e9crites ci-dessus et dans les limites n\u00e9cessaires \u00e0 la poursuite de ces finalit\u00e9s, les donn\u00e9es collect\u00e9es par Advens for People and Planet peuvent \u00eatre transmises \u00e0 tout ou partie des destinataires suivants en externe :\u202f\u202f<\/span><span data-ccp-props=\"{}\">\u00a0<\/span><\/p>\n<p><span data-contrast=\"auto\">Chez VIGINUM : Service Partenariat et communication [Etude des candidatures CyberforGood m\u00e9dia]<\/span><span data-ccp-props=\"{}\">\u00a0<\/span><\/p>\n<p><span data-contrast=\"auto\">Chez ADVENS : Direction des op\u00e9rations France [Etude des demandes pro-bono]<\/span><span data-ccp-props=\"{}\">\u00a0<\/span><\/p>\n<p>SOUS-TRAITANT : Microsoft Office 365<br \/>\nFINALITE : Suite bureautique, formulaires de contact France<br \/>\nHEBERGEMENT ADRESSE : France<br \/>\nADRESSE\u00a0 : Microsoft : 37 Quai du Pr\u00e9sident Roosevelt, 92130 Issy-Les-Moulineaux, France<\/p>\n<p>SOUS-TRAITANT : Brevo<br \/>\nFINALITE : CRM, mailing<br \/>\nHEBERGEMENT ADRESSE : France, UE<br \/>\nADRESSE\u00a0 : Brevo, 7 RUE DE MADRID 75008 Paris, France<\/p>\n<ol start=\"7\">\n<li><strong> S\u00e9curit\u00e9 des donn\u00e9es\u202f<\/strong><\/li>\n<\/ol>\n<p><span data-contrast=\"auto\">Nous prenons toutes les mesures physiques, techniques, organisationnelles et op\u00e9rationnelles n\u00e9cessaires pour garantir la s\u00e9curit\u00e9 et la confidentialit\u00e9 de vos Donn\u00e9es personnelles contre une destruction, une perte, une alt\u00e9ration, une divulgation, une reproduction ou un acc\u00e8s non autoris\u00e9. Nous exigeons de nos partenaires et de nos sous-traitants qu\u2019ils mettent en place les m\u00eames mesures.\u202f<\/span><span data-ccp-props=\"{}\">\u00a0<\/span><\/p>\n<p><span data-contrast=\"auto\">A ce titre, nous prenons toutes les pr\u00e9cautions utiles, au regard de la nature des Donn\u00e9es et des risques pr\u00e9sent\u00e9s par le traitement, afin de pr\u00e9server la s\u00e9curit\u00e9 des Donn\u00e9es et, notamment, en appliquant des mesures de protection physique des locaux, proc\u00e9d\u00e9s d\u2019authentification avec acc\u00e8s personnel et s\u00e9curis\u00e9 via des identifiants et mots de passe confidentiels, journalisation des connexions, chiffrement de certaines donn\u00e9es\u2026<\/span><\/p>\n<p><span data-contrast=\"auto\">Dans le cas o\u00f9 les Donn\u00e9es collect\u00e9es seraient susceptibles d\u2019\u00eatre trait\u00e9es hors Union Europ\u00e9enne, nous nous engageons \u00e0 pr\u00e9voir les garanties d\u2019encadrement n\u00e9cessaires afin de garantir la s\u00e9curit\u00e9 des Traitements.\u202f<\/span><span data-ccp-props=\"{}\">\u00a0<\/span><\/p>\n<p><span data-contrast=\"auto\">\u200d8.<strong> Vos droits\u202f<\/strong><\/span><strong>\u00a0<\/strong><\/p>\n<p><span data-contrast=\"auto\">Vous pouvez acc\u00e9der \u00e0 vos Donn\u00e9es vous concernant, les rectifier, demander leur effacement ou exercer votre droit \u00e0 la limitation du traitement de vos donn\u00e9es.\u202f Vous pouvez \u00e9galement vous opposer au traitement de vos Donn\u00e9es et exercer votre droit \u00e0 la portabilit\u00e9 de vos Donn\u00e9es.\u202f<\/span><span data-ccp-props=\"{}\">\u00a0<\/span><\/p>\n<p><span data-contrast=\"auto\">Pour exercer ces droits, vous pouvez contacter <a href=\"mailto:contact@cyberforgood.fr\">contact@cyberforgood.org<\/a><\/span><span data-contrast=\"auto\">. \u202f<\/span><span data-ccp-props=\"{}\">\u00a0<\/span><\/p>\n<p><span data-contrast=\"auto\">Nous r\u00e9pondrons \u00e0 votre demande dans un d\u00e9lai de 30 jours \u00e0 compter de la r\u00e9ception de votre demande compl\u00e8te. Nous nous r\u00e9servons la possibilit\u00e9 de ne pas donner suite aux demandes manifestement infond\u00e9es ou excessives.\u202f<\/span><span data-ccp-props=\"{}\">\u00a0<\/span><\/p>\n<p><span data-contrast=\"auto\">Si vous estimez, apr\u00e8s nous avoir contact\u00e9, que vos droits \u00ab Informatique et Libert\u00e9s \u00bb ne sont pas respect\u00e9s, vous pouvez adresser une r\u00e9clamation \u00e0 la CNIL.\u202f<\/span><span data-ccp-props=\"{}\">\u00a0<\/span><\/p>\n<p><span data-contrast=\"auto\">Pour toute question relative \u00e0 la protection de la vie priv\u00e9e, un mail peut \u00eatre adress\u00e9 au d\u00e9l\u00e9gu\u00e9 \u00e0 la protection des Donn\u00e9es \u00e0 l\u2019adresse suivante : <\/span><a href=\"mailto:contact@cyberforgood.fr\"><span data-contrast=\"none\">contact@cyberforgood.org<\/span><\/a><span data-contrast=\"auto\">.\u202f\u00a0<\/span><span data-ccp-props=\"{}\">\u00a0<\/span><\/p>\n<p><span data-contrast=\"auto\">Pour toute information compl\u00e9mentaire sur la protection des Donn\u00e9es Personnelles, vous pouvez \u00e9galement consulter le Site de la Commission Nationale de l\u2019Informatique et des Libert\u00e9s <\/span><a href=\"https:\/\/www.cnil.fr\/\"><span data-contrast=\"none\">www.cnil.fr<\/span><\/a><span data-contrast=\"auto\">.\u202f<\/span><span data-ccp-props=\"{}\">\u00a0<\/span><\/p>\n<ol start=\"9\">\n<li><strong> Modification de notre politique\u202f\u202f<\/strong><\/li>\n<\/ol>\n<p><span data-contrast=\"auto\">Cette Politique peut \u00eatre modifi\u00e9e, compl\u00e9t\u00e9e et\/ou mise \u00e0 jour par Advens for People and Planet afin notamment de se conformer \u00e0 toute \u00e9volution l\u00e9gale, r\u00e9glementaire, jurisprudentielle et technique. Cependant, les Donn\u00e9es personnelles seraient toujours trait\u00e9es conform\u00e9ment \u00e0 la politique en vigueur au moment de leur collecte, sauf si une prescription l\u00e9gale imp\u00e9rative venait \u00e0 en disposer autrement et serait d\u2019application r\u00e9troactive.\u202f<\/span><span data-ccp-props=\"{}\">\u00a0<\/span><\/p>\n<\/div><\/div><\/section>","protected":false},"excerpt":{"rendered":"<p>Traitements Finalit\u00e9s Donn\u00e9es collect\u00e9es Base l\u00e9gale Gestion de l&#8217;inscription \u00e0 l&#8217;Academy Cyber for Good ESS Permet de faire un suivi aux utilisateurs int\u00e9ress\u00e9s aux webinaires, au Bootcamp et \u00e0 poursuivre&#8230;<\/p>\n","protected":false},"author":1,"featured_media":0,"parent":0,"menu_order":0,"comment_status":"closed","ping_status":"closed","template":"","meta":{"_acf_changed":false,"footnotes":""},"class_list":["post-1504","page","type-page","status-publish","hentry"],"acf":[],"yoast_head":"<!-- This site is optimized with the Yoast SEO plugin v27.2 - https:\/\/yoast.com\/product\/yoast-seo-wordpress\/ -->\n<title>Politique de protection des donn\u00e9es - Cyber for Good<\/title>\n<meta name=\"robots\" content=\"index, follow, max-snippet:-1, max-image-preview:large, max-video-preview:-1\" \/>\n<link rel=\"canonical\" href=\"https:\/\/cyberforgood.org\/es\/politique-de-protection-des-donnees\/\" \/>\n<meta property=\"og:locale\" content=\"es_ES\" \/>\n<meta property=\"og:type\" content=\"article\" \/>\n<meta property=\"og:title\" content=\"Politique de protection des donn\u00e9es - Cyber for Good\" \/>\n<meta property=\"og:description\" content=\"Traitements Finalit\u00e9s Donn\u00e9es collect\u00e9es Base l\u00e9gale Gestion de l&#8217;inscription \u00e0 l&#8217;Academy Cyber for Good ESS Permet de faire un suivi aux utilisateurs int\u00e9ress\u00e9s aux webinaires, au Bootcamp et \u00e0 poursuivre...\" \/>\n<meta property=\"og:url\" content=\"https:\/\/cyberforgood.org\/es\/politique-de-protection-des-donnees\/\" \/>\n<meta property=\"og:site_name\" content=\"Cyber for Good\" \/>\n<meta property=\"article:modified_time\" content=\"2026-02-17T16:02:44+00:00\" \/>\n<meta name=\"twitter:card\" content=\"summary_large_image\" \/>\n<meta name=\"twitter:label1\" content=\"Tiempo de lectura\" \/>\n\t<meta name=\"twitter:data1\" content=\"2 minutos\" \/>\n<script type=\"application\/ld+json\" class=\"yoast-schema-graph\">{\"@context\":\"https:\/\/schema.org\",\"@graph\":[{\"@type\":\"WebPage\",\"@id\":\"https:\/\/cyberforgood.org\/es\/politique-de-protection-des-donnees\/\",\"url\":\"https:\/\/cyberforgood.org\/es\/politique-de-protection-des-donnees\/\",\"name\":\"Politique de protection des donn\u00e9es - Cyber for Good\",\"isPartOf\":{\"@id\":\"https:\/\/cyberforgood.org\/es\/#website\"},\"datePublished\":\"2025-09-18T09:16:40+00:00\",\"dateModified\":\"2026-02-17T16:02:44+00:00\",\"breadcrumb\":{\"@id\":\"https:\/\/cyberforgood.org\/es\/politique-de-protection-des-donnees\/#breadcrumb\"},\"inLanguage\":\"es\",\"potentialAction\":[{\"@type\":\"ReadAction\",\"target\":[\"https:\/\/cyberforgood.org\/es\/politique-de-protection-des-donnees\/\"]}]},{\"@type\":\"BreadcrumbList\",\"@id\":\"https:\/\/cyberforgood.org\/es\/politique-de-protection-des-donnees\/#breadcrumb\",\"itemListElement\":[{\"@type\":\"ListItem\",\"position\":1,\"name\":\"Accueil\",\"item\":\"https:\/\/cyberforgood.org\/es\/\"},{\"@type\":\"ListItem\",\"position\":2,\"name\":\"Politique de protection des donn\u00e9es\"}]},{\"@type\":\"WebSite\",\"@id\":\"https:\/\/cyberforgood.org\/es\/#website\",\"url\":\"https:\/\/cyberforgood.org\/es\/\",\"name\":\"Cyber for Good\",\"description\":\"\",\"publisher\":{\"@id\":\"https:\/\/cyberforgood.org\/es\/#organization\"},\"potentialAction\":[{\"@type\":\"SearchAction\",\"target\":{\"@type\":\"EntryPoint\",\"urlTemplate\":\"https:\/\/cyberforgood.org\/es\/?s={search_term_string}\"},\"query-input\":{\"@type\":\"PropertyValueSpecification\",\"valueRequired\":true,\"valueName\":\"search_term_string\"}}],\"inLanguage\":\"es\"},{\"@type\":\"Organization\",\"@id\":\"https:\/\/cyberforgood.org\/es\/#organization\",\"name\":\"Cyber for Good\",\"url\":\"https:\/\/cyberforgood.org\/es\/\",\"logo\":{\"@type\":\"ImageObject\",\"inLanguage\":\"es\",\"@id\":\"https:\/\/cyberforgood.org\/es\/#\/schema\/logo\/image\/\",\"url\":\"https:\/\/cyberforgood.org\/wp-content\/uploads\/2025\/09\/Logo-CFG.svg\",\"contentUrl\":\"https:\/\/cyberforgood.org\/wp-content\/uploads\/2025\/09\/Logo-CFG.svg\",\"caption\":\"Cyber for Good\"},\"image\":{\"@id\":\"https:\/\/cyberforgood.org\/es\/#\/schema\/logo\/image\/\"}}]}<\/script>\n<!-- \/ Yoast SEO plugin. -->","yoast_head_json":{"title":"Politique de protection des donn\u00e9es - Cyber for Good","robots":{"index":"index","follow":"follow","max-snippet":"max-snippet:-1","max-image-preview":"max-image-preview:large","max-video-preview":"max-video-preview:-1"},"canonical":"https:\/\/cyberforgood.org\/es\/politique-de-protection-des-donnees\/","og_locale":"es_ES","og_type":"article","og_title":"Politique de protection des donn\u00e9es - Cyber for Good","og_description":"Traitements Finalit\u00e9s Donn\u00e9es collect\u00e9es Base l\u00e9gale Gestion de l&#8217;inscription \u00e0 l&#8217;Academy Cyber for Good ESS Permet de faire un suivi aux utilisateurs int\u00e9ress\u00e9s aux webinaires, au Bootcamp et \u00e0 poursuivre...","og_url":"https:\/\/cyberforgood.org\/es\/politique-de-protection-des-donnees\/","og_site_name":"Cyber for Good","article_modified_time":"2026-02-17T16:02:44+00:00","twitter_card":"summary_large_image","twitter_misc":{"Tiempo de lectura":"2 minutos"},"schema":{"@context":"https:\/\/schema.org","@graph":[{"@type":"WebPage","@id":"https:\/\/cyberforgood.org\/es\/politique-de-protection-des-donnees\/","url":"https:\/\/cyberforgood.org\/es\/politique-de-protection-des-donnees\/","name":"Politique de protection des donn\u00e9es - Cyber for Good","isPartOf":{"@id":"https:\/\/cyberforgood.org\/es\/#website"},"datePublished":"2025-09-18T09:16:40+00:00","dateModified":"2026-02-17T16:02:44+00:00","breadcrumb":{"@id":"https:\/\/cyberforgood.org\/es\/politique-de-protection-des-donnees\/#breadcrumb"},"inLanguage":"es","potentialAction":[{"@type":"ReadAction","target":["https:\/\/cyberforgood.org\/es\/politique-de-protection-des-donnees\/"]}]},{"@type":"BreadcrumbList","@id":"https:\/\/cyberforgood.org\/es\/politique-de-protection-des-donnees\/#breadcrumb","itemListElement":[{"@type":"ListItem","position":1,"name":"Accueil","item":"https:\/\/cyberforgood.org\/es\/"},{"@type":"ListItem","position":2,"name":"Politique de protection des donn\u00e9es"}]},{"@type":"WebSite","@id":"https:\/\/cyberforgood.org\/es\/#website","url":"https:\/\/cyberforgood.org\/es\/","name":"Cyber for Good","description":"","publisher":{"@id":"https:\/\/cyberforgood.org\/es\/#organization"},"potentialAction":[{"@type":"SearchAction","target":{"@type":"EntryPoint","urlTemplate":"https:\/\/cyberforgood.org\/es\/?s={search_term_string}"},"query-input":{"@type":"PropertyValueSpecification","valueRequired":true,"valueName":"search_term_string"}}],"inLanguage":"es"},{"@type":"Organization","@id":"https:\/\/cyberforgood.org\/es\/#organization","name":"Cyber for Good","url":"https:\/\/cyberforgood.org\/es\/","logo":{"@type":"ImageObject","inLanguage":"es","@id":"https:\/\/cyberforgood.org\/es\/#\/schema\/logo\/image\/","url":"https:\/\/cyberforgood.org\/wp-content\/uploads\/2025\/09\/Logo-CFG.svg","contentUrl":"https:\/\/cyberforgood.org\/wp-content\/uploads\/2025\/09\/Logo-CFG.svg","caption":"Cyber for Good"},"image":{"@id":"https:\/\/cyberforgood.org\/es\/#\/schema\/logo\/image\/"}}]}},"_links":{"self":[{"href":"https:\/\/cyberforgood.org\/es\/wp-json\/wp\/v2\/pages\/1504","targetHints":{"allow":["GET"]}}],"collection":[{"href":"https:\/\/cyberforgood.org\/es\/wp-json\/wp\/v2\/pages"}],"about":[{"href":"https:\/\/cyberforgood.org\/es\/wp-json\/wp\/v2\/types\/page"}],"author":[{"embeddable":true,"href":"https:\/\/cyberforgood.org\/es\/wp-json\/wp\/v2\/users\/1"}],"replies":[{"embeddable":true,"href":"https:\/\/cyberforgood.org\/es\/wp-json\/wp\/v2\/comments?post=1504"}],"version-history":[{"count":1,"href":"https:\/\/cyberforgood.org\/es\/wp-json\/wp\/v2\/pages\/1504\/revisions"}],"predecessor-version":[{"id":1506,"href":"https:\/\/cyberforgood.org\/es\/wp-json\/wp\/v2\/pages\/1504\/revisions\/1506"}],"wp:attachment":[{"href":"https:\/\/cyberforgood.org\/es\/wp-json\/wp\/v2\/media?parent=1504"}],"curies":[{"name":"wp","href":"https:\/\/api.w.org\/{rel}","templated":true}]}}