{"id":1348,"date":"2025-09-18T15:04:36","date_gmt":"2025-09-18T13:04:36","guid":{"rendered":"https:\/\/cyberforgood.org\/a-propos\/"},"modified":"2026-02-17T16:56:35","modified_gmt":"2026-02-17T15:56:35","slug":"a-propos","status":"publish","type":"page","link":"https:\/\/cyberforgood.org\/es\/a-propos\/","title":{"rendered":"\u00c0 propos"},"content":{"rendered":"\n<h2 class=\"wp-block-heading\">\ud83d\udee1\ufe0f <strong>Qu&#8217;est-ce que Cyber for Good ? <\/strong><\/h2>\n\n\n\n<p>Cyber for Good est un programme qui appartient \u00e0 Advens for People and Planet, le fonds de dotation cr\u00e9\u00e9 en 2021 \u00e0 l&#8217;initiative d&#8217;Alexandre Fayeulle, Pr\u00e9sident et Fondateur d&#8217;Advens, leader pure player fran\u00e7ais et fleuron europ\u00e9en de la cybers\u00e9curit\u00e9.\u00a0Partag\u00e9e avec l&#8217;entreprise Advens, la raison d&#8217;\u00eatre du fonds de dotation est de faire de la vuln\u00e9rabilit\u00e9 une force pour la cyber, les Hommes et la Plan\u00e8te. Dans cette perspective, Advens for People and Planet poursuit deux missions principales :\u00a0<\/p>\n\n\n\n<ul class=\"wp-block-list\">\n<li>Aider les personnes et les organisations qui contribuent positivement \u00e0 nos vies et nos d\u00e9mocraties \u00e0 tirer profit du num\u00e9rique en confiance ;&nbsp;<br><\/li>\n\n\n\n<li>Transformer la soci\u00e9t\u00e9 en contribuant \u00e0 changer nos regards sur la vuln\u00e9rabilit\u00e9 et donc sur la performance.&nbsp;<br><br><\/li>\n<\/ul>\n\n\n\n<div class=\"wp-block-media-text is-stacked-on-mobile is-vertically-aligned-top\" style=\"grid-template-columns:28% auto\"><figure class=\"wp-block-media-text__media\"><img decoding=\"async\" width=\"706\" height=\"966\" src=\"https:\/\/cyberforgood.org\/wp-content\/uploads\/2025\/11\/Capture-decran-2025-11-01-a-10.56.51.png\" alt=\"\" class=\"wp-image-1151 size-full\" srcset=\"https:\/\/cyberforgood.org\/wp-content\/uploads\/2025\/11\/Capture-decran-2025-11-01-a-10.56.51.png 706w, https:\/\/cyberforgood.org\/wp-content\/uploads\/2025\/11\/Capture-decran-2025-11-01-a-10.56.51-219x300.png 219w, https:\/\/cyberforgood.org\/wp-content\/uploads\/2025\/11\/Capture-decran-2025-11-01-a-10.56.51-600x821.png 600w\" sizes=\"(max-width: 706px) 100vw, 706px\" \/><\/figure><div class=\"wp-block-media-text__content\">\n<p><strong>RAPPORT <\/strong>I Souhaitez-vous en savoir plus sur Advens for People and Planet. ? Consultez le <a href=\"https:\/\/www.calameo.com\/read\/00790594432c466cc6560\" target=\"_blank\" rel=\"noreferrer noopener\"><strong>rapport d\u2019impact 2024<\/strong><\/a>.<br><\/p>\n<\/div><\/div>\n\n\n<section data-block-id=\"block_415733bb74975ff363203d4d3621f1f6\" id=\"key-figures-block_415733bb74975ff363203d4d3621f1f6\" class=\"key-figures\"><div class=content-wrapper><h2 class=section-title>Cyber for Good en chiffres<\/h2><div class=\"key-figures col-2\"><div class=\"key-figure-container initial\"><h4><span>+<\/span><span class=\"figure countup\" id=\"figure-block_415733bb74975ff363203d4d3621f1f6-1\"  data-max-number=\"5000\">0<\/span> <br>B\u00e9n\u00e9voles et salari\u00e9s sensibilis\u00e9s \u00e0 la cybers\u00e9curit\u00e9<\/h4><\/div><script>\n        var waypoint = new Waypoint({\n          element: document.querySelector(\"[data-block-id=block_415733bb74975ff363203d4d3621f1f6\"),\n          handler: function(direction) {\n            Array.from(document.querySelectorAll(\"#figure-block_415733bb74975ff363203d4d3621f1f6-1\")).forEach(elem => {\n              new numberRush(\"figure-block_415733bb74975ff363203d4d3621f1f6-1\", {\n                speed: 10,\n                steps: 50,\n              })\n            })\n          },\n          offset: \"70%\"\n        })\n      <\/script><div class=\"key-figure-container initial\"><h4><span>+<\/span><span class=\"figure countup\" id=\"figure-block_415733bb74975ff363203d4d3621f1f6-2\"  data-max-number=\"100\">0<\/span> <br>Structures accompagn\u00e9es<\/h4><\/div><script>\n        var waypoint = new Waypoint({\n          element: document.querySelector(\"[data-block-id=block_415733bb74975ff363203d4d3621f1f6\"),\n          handler: function(direction) {\n            Array.from(document.querySelectorAll(\"#figure-block_415733bb74975ff363203d4d3621f1f6-2\")).forEach(elem => {\n              new numberRush(\"figure-block_415733bb74975ff363203d4d3621f1f6-2\", {\n                speed: 5,\n                steps: 1,\n              })\n            })\n          },\n          offset: \"70%\"\n        })\n      <\/script><\/div><\/div><\/section>\n\n\n<h2 class=\"wp-block-heading\">\ud83d\udc22  <strong>Pourquoi une tortue ?<\/strong><br><\/h2>\n\n\n\n<div class=\"wp-block-media-text is-stacked-on-mobile\" style=\"grid-template-columns:23% auto\"><figure class=\"wp-block-media-text__media\"><img decoding=\"async\" src=\"https:\/\/cyberforgood.org\/wp-content\/uploads\/2025\/09\/Logo-CFG.svg\" alt=\"Logo Cyber For Good\" class=\"wp-image-17 size-full\"\/><\/figure><div class=\"wp-block-media-text__content\">\n<p>\u00c0 l\u2019\u00e8re d\u2019une industrie technologique en acc\u00e9l\u00e9ration constante, la course \u00e0 l\u2019innovation semble souvent devenir une fin en soi. Pourtant, la technologie ne doit pas \u00eatre un objectif, mais un levier au service du bien commun. Face \u00e0 cette urgence, <strong>Cyber for Good<\/strong> incarne une approche r\u00e9solument diff\u00e9rente : celle de la \u00ab vitesse de la tortue \u00bb. Plut\u00f4t que de c\u00e9der \u00e0 la fr\u00e9n\u00e9sie du progr\u00e8s technologique, le programme propose un temps d\u2019apprentissage, de r\u00e9flexion et d\u2019action, pour faire du num\u00e9rique une solution durable, inclusive et respectueuse des droits fondamentaux. <\/p>\n<\/div><\/div>\n\n\n\n<p>Loin des exc\u00e8s du techno-solutionnisme comme des rejets radicaux de la tech, <strong>Cyber for Good<\/strong> d\u00e9fend une vision du num\u00e9rique align\u00e9e sur les valeurs europ\u00e9ennes. Cette vision s\u2019appuie sur trois piliers r\u00e9glementaires majeurs, qui encadrent et orientent l\u2019innovation vers le respect des individus et de la soci\u00e9t\u00e9 :<\/p>\n\n\n\n<ul class=\"wp-block-list\">\n<li>\ud83d\uddc4\ufe0f le <a href=\"https:\/\/www.cnil.fr\/fr\/reglement-europeen-protection-donnees\">r\u00e8glement g\u00e9n\u00e9ral sur la protection des donn\u00e9es<\/a> (RGPD), en vigueur depuis le 25 mai 2018, qui place la protection des donn\u00e9es personnelles au c\u0153ur des pratiques num\u00e9riques ;<br><\/li>\n\n\n\n<li><strong>\ud83d\udcbb <\/strong>le <a href=\"https:\/\/www.info.gouv.fr\/actualite\/digital-services-act-un-reglement-pour-encadrer-les-services-numeriques\">r\u00e8glement europ\u00e9en sur les services num\u00e9riques<\/a> (DSA), applicable depuis le 17 f\u00e9vrier 2024, qui vise \u00e0 cr\u00e9er un espace num\u00e9rique plus s\u00fbr et plus transparent ;<br><\/li>\n\n\n\n<li>\ud83e\udd16 l&#8217;<a href=\"https:\/\/www.info.gouv.fr\/actualite\/quest-ce-que-lai-act\">AI Act<\/a>, entr\u00e9 en vigueur le 13 mars 2024, qui \u00e9tablit un cadre \u00e9thique et juridique pour le d\u00e9veloppement de l\u2019intelligence artificielle en Europe.<\/li>\n<\/ul>\n\n\n\n<p><strong>Notre engagement<\/strong> I Cyber for Good s\u2019engage \u00e0 promouvoir une technologie responsable, en phase avec ces r\u00e9glementations et ces valeurs. Le programme accompagne les acteurs publics, priv\u00e9s et associatifs dans la mise en \u0153uvre de pratiques num\u00e9riques qui respectent la vie priv\u00e9e et les valeurs d\u00e9mocratiques. Par la formation, la sensibilisation et l\u2019innovation, Cyber for Good contribue \u00e0 construire un avenir num\u00e9rique o\u00f9 la technologie sert l\u2019humain, et non l\u2019inverse.<\/p>\n\n\n\n<p><strong>Pourquoi nous rejoindre ?<\/strong> Rejoindre Cyber for Good, c\u2019est choisir de s\u2019inscrire dans une dynamique collective qui place l\u2019\u00e9thique, la transparence et l\u2019inclusion au c\u0153ur du num\u00e9rique. C\u2019est aussi participer \u00e0 l\u2019\u00e9mergence d\u2019un mod\u00e8le europ\u00e9en de technologie, respectueux des droits fondamentaux et porteur de sens pour la soci\u00e9t\u00e9.<\/p>\n\n\n\n<p><\/p>\n\n\n\n<p><\/p>\n\n\n<section id=\"block-text-box-block_0cdc9bebf1ca801eac6c005b83ced458\" class=\"block-text-box\"><div class=\"content-wrapper\"><h2>Charte de sobri\u00e9t\u00e9 num\u00e9rique<\/h2><div class=text-wrapper><p>&nbsp;<\/p>\n<p>Dans un souci de r\u00e9duction de notre empreinte environnementale, le site a \u00e9t\u00e9 con\u00e7u selon des principes guid\u00e9s par l\u2019\u00e9co-conception. Cette d\u00e9marche vise \u00e0 limiter la consommation de ressources tout en assurant une exp\u00e9rience utilisateur efficace et accessible. Voici les engagements que nous avons pris :<\/p>\n<p><strong>\ud83c\udfaf Aller \u00e0 l\u2019essentiel<\/strong><\/p>\n<ol>\n<li>D\u00e9veloppement uniquement des <strong>fonctionnalit\u00e9s strictement n\u00e9cessaires<\/strong> pour \u00e9viter les surcharges inutiles\u00a0;<\/li>\n<li>Une navigation claire, efficace et sans superflu.<\/li>\n<\/ol>\n<p><strong>\ud83d\uddbc\ufe0f Une r\u00e9duction des ressources visuelles<\/strong><\/p>\n<ol>\n<li>Utilisation <strong>minimale d\u2019images<\/strong>, en privil\u00e9giant les <strong>illustrations vectorielles au format SVG<\/strong>, plus l\u00e9g\u00e8res et adaptables\u00a0;<\/li>\n<li>Pour les images utilis\u00e9es (et dont nous d\u00e9tenons les droits), nous appliquons des <strong>traitements graphiques optimisant leur poids<\/strong>.<\/li>\n<\/ol>\n<p><strong>\ud83e\uddf1 Une simplicit\u00e9 structurelle<\/strong><\/p>\n<ol>\n<li>Conception de <strong>pages simples et peu complexes<\/strong>, facilitant leur chargement rapide\u00a0;<\/li>\n<li><strong>R\u00e9utilisation maximale d\u2019\u00e9l\u00e9ments<\/strong> d\u2019interface et de design \u00e0 travers les diff\u00e9rentes pages pour \u00e9viter les doublons et limiter les chargements.<\/li>\n<\/ol>\n<p><strong>\u2728 Une ma\u00eetrise des effets et animations<\/strong><\/p>\n<ol>\n<li>Limitation des <strong>animations CSS et JavaScript<\/strong> aux seuls cas utiles \u00e0 la navigation ou \u00e0 la compr\u00e9hension.<\/li>\n<li>R\u00e9duction des scripts sp\u00e9cifiques pour all\u00e9ger les pages.<\/li>\n<\/ol>\n<p><strong>\ud83d\udce6 Une optimisation technique<\/strong><\/p>\n<ol>\n<li><strong>Utilisation du lazy loading<\/strong> (chargement diff\u00e9r\u00e9) pour les images, afin de ne charger que ce qui est n\u00e9cessaire \u00e0 l\u2019instant T\u00a0;<\/li>\n<li><strong>Mise en cache des pages et ressources<\/strong> pour r\u00e9duire le nombre de requ\u00eates serveur<\/li>\n<\/ol>\n<p><strong>\ud83d\udcda Un usage raisonn\u00e9 des biblioth\u00e8ques<\/strong><\/p>\n<ol>\n<li>Recours uniquement aux <strong>biblioth\u00e8ques externes essentielles<\/strong>, afin de ne pas alourdir inutilement le site.<\/li>\n<\/ol>\n<p><strong>\ud83d\udd20 Une typographie l\u00e9g\u00e8re<\/strong><\/p>\n<ol>\n<li>Usage de <strong>polices syst\u00e8me g\u00e9n\u00e9riques ou par d\u00e9faut<\/strong>, permettant d\u2019\u00e9viter des requ\u00eates externes pour le chargement des fontes.<\/li>\n<\/ol>\n<p><strong>\ud83d\udcca Des donn\u00e9es et des outils responsables et souverains<\/strong><\/p>\n<ol>\n<li>Int\u00e9gration d\u2019un <strong>outil de gestion des cookies<\/strong> conforme au RGPD\u00a0;<\/li>\n<li>Collecte de statistiques via un service <strong>bas\u00e9 en France ou, \u00e0 d\u00e9faut, en Europe<\/strong>, garantissant le respect de la l\u00e9gislation et la sobri\u00e9t\u00e9 des \u00e9changes de donn\u00e9es ;<\/li>\n<li>Utilisation d&#8217;outils fran\u00e7ais ou europ\u00e9ens : Brevo pour le CRM et le mailing, AlwaysData pour l&#8217;h\u00e9bergement et Complianz pour la gestion des cookies.<\/li>\n<\/ol>\n<p><strong>Cr\u00e9dit illustrations<\/strong>: Lorenzo Gritti<br \/>\n<strong>Conception graphique et d\u00e9veloppement<\/strong> : <a href=\"https:\/\/johangiraud.com\/\" target=\"_blank\" rel=\"noopener\">Johan Giraud<\/a><\/p>\n<p>&nbsp;<\/p>\n<\/div><\/div><\/section>\n\n<section id=\"block-contact-block_5a577ce485a08bdc74be216c91096f69\" class=\"block-contact\"><h2 class=section-title>Contact<\/h2><div class=\"content-wrapper\"><div class=contact-form-wrapper>\n<div class=\"wpcf7 no-js\" id=\"wpcf7-f564-o1\" lang=\"fr-FR\" dir=\"ltr\" data-wpcf7-id=\"564\">\n<div class=\"screen-reader-response\"><p role=\"status\" aria-live=\"polite\" aria-atomic=\"true\"><\/p> <ul><\/ul><\/div>\n<form action=\"\/es\/wp-json\/wp\/v2\/pages\/1348#wpcf7-f564-o1\" method=\"post\" class=\"wpcf7-form init\" aria-label=\"Formulaire de contact\" novalidate=\"novalidate\" data-status=\"init\">\n<fieldset class=\"hidden-fields-container\"><input type=\"hidden\" name=\"_wpcf7\" value=\"564\" \/><input type=\"hidden\" name=\"_wpcf7_version\" value=\"6.1.5\" \/><input type=\"hidden\" name=\"_wpcf7_locale\" value=\"fr_FR\" \/><input type=\"hidden\" name=\"_wpcf7_unit_tag\" value=\"wpcf7-f564-o1\" \/><input type=\"hidden\" name=\"_wpcf7_container_post\" value=\"0\" \/><input type=\"hidden\" name=\"_wpcf7_posted_data_hash\" value=\"\" \/>\n<\/fieldset>\n<div class=\"row\">\n\t<p><label>Nom<\/label><br \/>\n<span class=\"wpcf7-form-control-wrap\" data-name=\"your-name\"><input size=\"40\" maxlength=\"400\" class=\"wpcf7-form-control wpcf7-text wpcf7-validates-as-required\" autocomplete=\"name\" aria-required=\"true\" aria-invalid=\"false\" value=\"\" type=\"text\" name=\"your-name\" \/><\/span>\n\t<\/p>\n\t<p><label>E-mail<\/label><br \/>\n<span class=\"wpcf7-form-control-wrap\" data-name=\"your-email\"><input size=\"40\" maxlength=\"400\" class=\"wpcf7-form-control wpcf7-email wpcf7-validates-as-required wpcf7-text wpcf7-validates-as-email\" autocomplete=\"email\" aria-required=\"true\" aria-invalid=\"false\" value=\"\" type=\"email\" name=\"your-email\" \/><\/span>\n\t<\/p>\n<\/div>\n<p><label>Message<\/label><br \/>\n<span class=\"wpcf7-form-control-wrap\" data-name=\"your-message\"><textarea cols=\"40\" rows=\"10\" maxlength=\"2000\" class=\"wpcf7-form-control wpcf7-textarea\" aria-invalid=\"false\" name=\"your-message\"><\/textarea><\/span>\n<\/p>\n<div class=\"wpcf7-response-output\" aria-hidden=\"true\"><\/div>\n<p><input class=\"wpcf7-form-control wpcf7-submit has-spinner\" type=\"submit\" value=\"Envoyer\" \/>\n<\/p>\n<p class=\"sib-text-form-block\">Les informations recueillies sur ce formulaire sont enregistr\u00e9es dans un fichier informatis\u00e9 par Advens for People and Planet pour le traitement\/suivi de votre demande de contact relative au programme Cyber For Good sur la base de votre consentement.<br \/>\nLes donn\u00e9es collect\u00e9es seront communiqu\u00e9es aux seuls destinataires suivants : service D\u00e9mocratie et Digital d\u2019Advens for People and Planet.<br \/>\nLes donn\u00e9es sont conserv\u00e9es pour une dur\u00e9e de 3 ans.<br \/>\nVous pouvez acc\u00e9der aux donn\u00e9es vous concernant, les rectifier, demander leur effacement ou exercer votre droit \u00e0 la limitation du traitement de vos donn\u00e9es.<br \/>\nPour exercer ces droits ou pour toute question sur le traitement de vos donn\u00e9es dans ce dispositif, vous pouvez contacter notre DPO \u00e0 l\u2019adresse suivante : contact@cyberforgood.org.<br \/>\nPour en savoir plus sur la mani\u00e8re dont les donn\u00e9es personnelles sont collect\u00e9es et trait\u00e9es, nous vous invitons \u00e0 consulter notre <a href=\"https:\/\/cyberforgood.org\/politique-de-protection-des-donnees\/\">politique de protection des donn\u00e9es personnelles<\/a>.\n<\/p>\n<\/form>\n<\/div>\n<\/div><\/div><\/section>","protected":false},"excerpt":{"rendered":"<p>\ud83d\udee1\ufe0f Qu&#8217;est-ce que Cyber for Good ? Cyber for Good est un programme qui appartient \u00e0 Advens for People and Planet, le fonds de dotation cr\u00e9\u00e9 en 2021 \u00e0 l&#8217;initiative&#8230;<\/p>\n","protected":false},"author":1,"featured_media":0,"parent":0,"menu_order":0,"comment_status":"closed","ping_status":"closed","template":"","meta":{"_acf_changed":false,"footnotes":""},"class_list":["post-1348","page","type-page","status-publish","hentry"],"acf":[],"yoast_head":"<!-- This site is optimized with the Yoast SEO plugin v27.2 - https:\/\/yoast.com\/product\/yoast-seo-wordpress\/ -->\n<title>\u00c0 propos - Cyber for Good<\/title>\n<meta name=\"robots\" content=\"index, follow, max-snippet:-1, max-image-preview:large, max-video-preview:-1\" \/>\n<link rel=\"canonical\" href=\"https:\/\/cyberforgood.org\/es\/a-propos\/\" \/>\n<meta property=\"og:locale\" content=\"es_ES\" \/>\n<meta property=\"og:type\" content=\"article\" \/>\n<meta property=\"og:title\" content=\"\u00c0 propos - Cyber for Good\" \/>\n<meta property=\"og:description\" content=\"\ud83d\udee1\ufe0f Qu&#8217;est-ce que Cyber for Good ? Cyber for Good est un programme qui appartient \u00e0 Advens for People and Planet, le fonds de dotation cr\u00e9\u00e9 en 2021 \u00e0 l&#8217;initiative...\" \/>\n<meta property=\"og:url\" content=\"https:\/\/cyberforgood.org\/es\/a-propos\/\" \/>\n<meta property=\"og:site_name\" content=\"Cyber for Good\" \/>\n<meta property=\"article:modified_time\" content=\"2026-02-17T15:56:35+00:00\" \/>\n<meta property=\"og:image\" content=\"https:\/\/cyberforgood.org\/wp-content\/uploads\/2025\/11\/Capture-decran-2025-11-01-a-10.56.51.png\" \/>\n\t<meta property=\"og:image:width\" content=\"706\" \/>\n\t<meta property=\"og:image:height\" content=\"966\" \/>\n\t<meta property=\"og:image:type\" content=\"image\/png\" \/>\n<meta name=\"twitter:card\" content=\"summary_large_image\" \/>\n<meta name=\"twitter:label1\" content=\"Tiempo de lectura\" \/>\n\t<meta name=\"twitter:data1\" content=\"3 minutos\" \/>\n<script type=\"application\/ld+json\" class=\"yoast-schema-graph\">{\"@context\":\"https:\/\/schema.org\",\"@graph\":[{\"@type\":\"WebPage\",\"@id\":\"https:\/\/cyberforgood.org\/es\/a-propos\/\",\"url\":\"https:\/\/cyberforgood.org\/es\/a-propos\/\",\"name\":\"\u00c0 propos - Cyber for Good\",\"isPartOf\":{\"@id\":\"https:\/\/cyberforgood.org\/es\/#website\"},\"primaryImageOfPage\":{\"@id\":\"https:\/\/cyberforgood.org\/es\/a-propos\/#primaryimage\"},\"image\":{\"@id\":\"https:\/\/cyberforgood.org\/es\/a-propos\/#primaryimage\"},\"thumbnailUrl\":\"https:\/\/cyberforgood.org\/wp-content\/uploads\/2025\/11\/Capture-decran-2025-11-01-a-10.56.51.png\",\"datePublished\":\"2025-09-18T13:04:36+00:00\",\"dateModified\":\"2026-02-17T15:56:35+00:00\",\"breadcrumb\":{\"@id\":\"https:\/\/cyberforgood.org\/es\/a-propos\/#breadcrumb\"},\"inLanguage\":\"es\",\"potentialAction\":[{\"@type\":\"ReadAction\",\"target\":[\"https:\/\/cyberforgood.org\/es\/a-propos\/\"]}]},{\"@type\":\"ImageObject\",\"inLanguage\":\"es\",\"@id\":\"https:\/\/cyberforgood.org\/es\/a-propos\/#primaryimage\",\"url\":\"https:\/\/cyberforgood.org\/wp-content\/uploads\/2025\/11\/Capture-decran-2025-11-01-a-10.56.51.png\",\"contentUrl\":\"https:\/\/cyberforgood.org\/wp-content\/uploads\/2025\/11\/Capture-decran-2025-11-01-a-10.56.51.png\"},{\"@type\":\"BreadcrumbList\",\"@id\":\"https:\/\/cyberforgood.org\/es\/a-propos\/#breadcrumb\",\"itemListElement\":[{\"@type\":\"ListItem\",\"position\":1,\"name\":\"Accueil\",\"item\":\"https:\/\/cyberforgood.org\/es\/\"},{\"@type\":\"ListItem\",\"position\":2,\"name\":\"\u00c0 propos\"}]},{\"@type\":\"WebSite\",\"@id\":\"https:\/\/cyberforgood.org\/es\/#website\",\"url\":\"https:\/\/cyberforgood.org\/es\/\",\"name\":\"Cyber for Good\",\"description\":\"\",\"publisher\":{\"@id\":\"https:\/\/cyberforgood.org\/es\/#organization\"},\"potentialAction\":[{\"@type\":\"SearchAction\",\"target\":{\"@type\":\"EntryPoint\",\"urlTemplate\":\"https:\/\/cyberforgood.org\/es\/?s={search_term_string}\"},\"query-input\":{\"@type\":\"PropertyValueSpecification\",\"valueRequired\":true,\"valueName\":\"search_term_string\"}}],\"inLanguage\":\"es\"},{\"@type\":\"Organization\",\"@id\":\"https:\/\/cyberforgood.org\/es\/#organization\",\"name\":\"Cyber for Good\",\"url\":\"https:\/\/cyberforgood.org\/es\/\",\"logo\":{\"@type\":\"ImageObject\",\"inLanguage\":\"es\",\"@id\":\"https:\/\/cyberforgood.org\/es\/#\/schema\/logo\/image\/\",\"url\":\"https:\/\/cyberforgood.org\/wp-content\/uploads\/2025\/09\/Logo-CFG.svg\",\"contentUrl\":\"https:\/\/cyberforgood.org\/wp-content\/uploads\/2025\/09\/Logo-CFG.svg\",\"caption\":\"Cyber for Good\"},\"image\":{\"@id\":\"https:\/\/cyberforgood.org\/es\/#\/schema\/logo\/image\/\"}}]}<\/script>\n<!-- \/ Yoast SEO plugin. -->","yoast_head_json":{"title":"\u00c0 propos - Cyber for Good","robots":{"index":"index","follow":"follow","max-snippet":"max-snippet:-1","max-image-preview":"max-image-preview:large","max-video-preview":"max-video-preview:-1"},"canonical":"https:\/\/cyberforgood.org\/es\/a-propos\/","og_locale":"es_ES","og_type":"article","og_title":"\u00c0 propos - Cyber for Good","og_description":"\ud83d\udee1\ufe0f Qu&#8217;est-ce que Cyber for Good ? Cyber for Good est un programme qui appartient \u00e0 Advens for People and Planet, le fonds de dotation cr\u00e9\u00e9 en 2021 \u00e0 l&#8217;initiative...","og_url":"https:\/\/cyberforgood.org\/es\/a-propos\/","og_site_name":"Cyber for Good","article_modified_time":"2026-02-17T15:56:35+00:00","og_image":[{"width":706,"height":966,"url":"https:\/\/cyberforgood.org\/wp-content\/uploads\/2025\/11\/Capture-decran-2025-11-01-a-10.56.51.png","type":"image\/png"}],"twitter_card":"summary_large_image","twitter_misc":{"Tiempo de lectura":"3 minutos"},"schema":{"@context":"https:\/\/schema.org","@graph":[{"@type":"WebPage","@id":"https:\/\/cyberforgood.org\/es\/a-propos\/","url":"https:\/\/cyberforgood.org\/es\/a-propos\/","name":"\u00c0 propos - Cyber for Good","isPartOf":{"@id":"https:\/\/cyberforgood.org\/es\/#website"},"primaryImageOfPage":{"@id":"https:\/\/cyberforgood.org\/es\/a-propos\/#primaryimage"},"image":{"@id":"https:\/\/cyberforgood.org\/es\/a-propos\/#primaryimage"},"thumbnailUrl":"https:\/\/cyberforgood.org\/wp-content\/uploads\/2025\/11\/Capture-decran-2025-11-01-a-10.56.51.png","datePublished":"2025-09-18T13:04:36+00:00","dateModified":"2026-02-17T15:56:35+00:00","breadcrumb":{"@id":"https:\/\/cyberforgood.org\/es\/a-propos\/#breadcrumb"},"inLanguage":"es","potentialAction":[{"@type":"ReadAction","target":["https:\/\/cyberforgood.org\/es\/a-propos\/"]}]},{"@type":"ImageObject","inLanguage":"es","@id":"https:\/\/cyberforgood.org\/es\/a-propos\/#primaryimage","url":"https:\/\/cyberforgood.org\/wp-content\/uploads\/2025\/11\/Capture-decran-2025-11-01-a-10.56.51.png","contentUrl":"https:\/\/cyberforgood.org\/wp-content\/uploads\/2025\/11\/Capture-decran-2025-11-01-a-10.56.51.png"},{"@type":"BreadcrumbList","@id":"https:\/\/cyberforgood.org\/es\/a-propos\/#breadcrumb","itemListElement":[{"@type":"ListItem","position":1,"name":"Accueil","item":"https:\/\/cyberforgood.org\/es\/"},{"@type":"ListItem","position":2,"name":"\u00c0 propos"}]},{"@type":"WebSite","@id":"https:\/\/cyberforgood.org\/es\/#website","url":"https:\/\/cyberforgood.org\/es\/","name":"Cyber for Good","description":"","publisher":{"@id":"https:\/\/cyberforgood.org\/es\/#organization"},"potentialAction":[{"@type":"SearchAction","target":{"@type":"EntryPoint","urlTemplate":"https:\/\/cyberforgood.org\/es\/?s={search_term_string}"},"query-input":{"@type":"PropertyValueSpecification","valueRequired":true,"valueName":"search_term_string"}}],"inLanguage":"es"},{"@type":"Organization","@id":"https:\/\/cyberforgood.org\/es\/#organization","name":"Cyber for Good","url":"https:\/\/cyberforgood.org\/es\/","logo":{"@type":"ImageObject","inLanguage":"es","@id":"https:\/\/cyberforgood.org\/es\/#\/schema\/logo\/image\/","url":"https:\/\/cyberforgood.org\/wp-content\/uploads\/2025\/09\/Logo-CFG.svg","contentUrl":"https:\/\/cyberforgood.org\/wp-content\/uploads\/2025\/09\/Logo-CFG.svg","caption":"Cyber for Good"},"image":{"@id":"https:\/\/cyberforgood.org\/es\/#\/schema\/logo\/image\/"}}]}},"_links":{"self":[{"href":"https:\/\/cyberforgood.org\/es\/wp-json\/wp\/v2\/pages\/1348","targetHints":{"allow":["GET"]}}],"collection":[{"href":"https:\/\/cyberforgood.org\/es\/wp-json\/wp\/v2\/pages"}],"about":[{"href":"https:\/\/cyberforgood.org\/es\/wp-json\/wp\/v2\/types\/page"}],"author":[{"embeddable":true,"href":"https:\/\/cyberforgood.org\/es\/wp-json\/wp\/v2\/users\/1"}],"replies":[{"embeddable":true,"href":"https:\/\/cyberforgood.org\/es\/wp-json\/wp\/v2\/comments?post=1348"}],"version-history":[{"count":1,"href":"https:\/\/cyberforgood.org\/es\/wp-json\/wp\/v2\/pages\/1348\/revisions"}],"predecessor-version":[{"id":1351,"href":"https:\/\/cyberforgood.org\/es\/wp-json\/wp\/v2\/pages\/1348\/revisions\/1351"}],"wp:attachment":[{"href":"https:\/\/cyberforgood.org\/es\/wp-json\/wp\/v2\/media?parent=1348"}],"curies":[{"name":"wp","href":"https:\/\/api.w.org\/{rel}","templated":true}]}}