{"id":1511,"date":"2025-09-18T15:04:08","date_gmt":"2025-09-18T13:04:08","guid":{"rendered":"https:\/\/cyberforgood.org\/coup-de-main\/"},"modified":"2026-02-17T17:03:09","modified_gmt":"2026-02-17T16:03:09","slug":"coup-de-main","status":"publish","type":"page","link":"https:\/\/cyberforgood.org\/de\/coup-de-main\/","title":{"rendered":"\ud83d\udc4b Besoin d&#8217;un coup de main ?"},"content":{"rendered":"<section id=\"block-text-box-block_485ba0d2260534b4a262406c58b201d9\" class=\"block-text-box\"><div class=\"content-wrapper\"><h2>Crit\u00e8res de s\u00e9lection et modalit\u00e9 de r\u00e9ponse I Demande de soutien pro bono en cybers\u00e9curit\u00e9<\/h2><div class=text-wrapper><p>Vous travaillez pour une association, une coop\u00e9rative ou une entreprise sociale et vous souhaitez nous solliciter pour mieux prot\u00e9ger votre structure ? Replissez le formulaire ci-dessous pour solliciter une demande en pro bono.Afin de prot\u00e9ger les acteurs qui font tourner notre d\u00e9mocratie, nous proposons un accompagnement en cybers\u00e9curit\u00e9 \u00e0 destination des structures de l\u2019\u00c9conomie Sociale et Solidaire (ESS).<\/p>\n<p><strong>Notre d\u00e9marche <\/strong>I Notre objectif est de :<\/p>\n<p>&#8211; Renforcer la cybers\u00e9curit\u00e9 des structures \u0153uvrant pour l\u2019int\u00e9r\u00eat g\u00e9n\u00e9ral ;<br \/>\n&#8211; Prioriser celles ayant des ressources limit\u00e9es et des enjeux critiques ;<br \/>\n&#8211; Encourager une mont\u00e9e en maturit\u00e9 des pratiques num\u00e9riques dans l\u2019ESS.<!-- \/wp:post-content --> <!-- wp:paragraph --><\/p>\n<p><!-- \/wp:paragraph --><\/p>\n<p>Nos ressources \u00e9tant limit\u00e9es, nous nous appuyons sur une grille d\u2019analyse objective et \u00e9quitable pour qualifier chaque demande et attribuer le niveau de soutien le plus adapt\u00e9.<\/p>\n<p><strong>Crit\u00e8res d\u2019\u00e9ligibilit\u00e9 <\/strong>I Pour \u00eatre \u00e9ligible, votre structure doit :<\/p>\n<p>&#8211; Appartenir \u00e0 l\u2019ESS (association, coop\u00e9rative, fondation, ESUS\u2026) ;<br \/>\n&#8211; Pr\u00e9senter un besoin av\u00e9r\u00e9 en cybers\u00e9curit\u00e9 ;<br \/>\n&#8211; Disposer d\u2019une capacit\u00e9 minimale \u00e0 suivre les actions propos\u00e9es (personne r\u00e9f\u00e9rente ou responsable d\u00e9sign\u00e9).<\/p>\n<ul class=\"wp-block-list\">\n<li style=\"list-style-type: none;\">\n<ul class=\"wp-block-list\"><!-- wp:list-item --><\/ul>\n<\/li>\n<\/ul>\n<p><strong>\u00c9valuation des demandes<\/strong><\/p>\n<p>Les demandes sont analys\u00e9es selon plusieurs crit\u00e8res :<\/p>\n<p>&#8211; Taille et budget de la structure ;<br \/>\n&#8211; Nature de la mission sociale ;<br \/>\n&#8211; Niveau de sensibilit\u00e9 des donn\u00e9es trait\u00e9es ;<br \/>\n&#8211; Degr\u00e9 de maturit\u00e9 cybers\u00e9curit\u00e9.<\/p>\n<p><!-- \/wp:list-item --><\/p>\n<p>Ces \u00e9l\u00e9ments nous permettent de d\u00e9finir le niveau d\u2019accompagnement le plus adapt\u00e9, dans un souci de juste allocation de nos ressources et de soutien prioritaire aux structures les plus expos\u00e9es.<\/p>\n<p><strong>Modalit\u00e9s de r\u00e9ponse <\/strong>I Une fois votre formulaire compl\u00e9t\u00e9, notre \u00e9quipe \u00e9tudiera votre demande et vous contactera sous un d\u00e9lai de 1 mois pour confirmer votre \u00e9ligibilit\u00e9 et discuter ensemble des prochaines \u00e9tapes.<\/p>\n<p><em>Nous acceptons un nombre de demandes limit\u00e9es par an en fonction de la capacit\u00e9 des experts cyber de nos partenaires.<\/em><\/p>\n<\/div><\/div><\/section>\n\n<section id=\"block-form-block_85867844c32f9a8a6d91a46eec0e6373\" class=\"block-form\"><div class=\"content-wrapper\"><\/div><\/section>","protected":false},"excerpt":{"rendered":"","protected":false},"author":1,"featured_media":0,"parent":0,"menu_order":0,"comment_status":"closed","ping_status":"closed","template":"","meta":{"_acf_changed":false,"footnotes":""},"class_list":["post-1511","page","type-page","status-publish","hentry"],"acf":[],"yoast_head":"<!-- This site is optimized with the Yoast SEO plugin v27.2 - https:\/\/yoast.com\/product\/yoast-seo-wordpress\/ -->\n<title>\ud83d\udc4b Besoin d&#039;un coup de main ? - Cyber for Good<\/title>\n<meta name=\"robots\" content=\"index, follow, max-snippet:-1, max-image-preview:large, max-video-preview:-1\" \/>\n<link rel=\"canonical\" href=\"https:\/\/cyberforgood.org\/de\/coup-de-main\/\" \/>\n<meta property=\"og:locale\" content=\"de_DE\" \/>\n<meta property=\"og:type\" content=\"article\" \/>\n<meta property=\"og:title\" content=\"\ud83d\udc4b Besoin d&#039;un coup de main ? - Cyber for Good\" \/>\n<meta property=\"og:url\" content=\"https:\/\/cyberforgood.org\/de\/coup-de-main\/\" \/>\n<meta property=\"og:site_name\" content=\"Cyber for Good\" \/>\n<meta property=\"article:modified_time\" content=\"2026-02-17T16:03:09+00:00\" \/>\n<meta name=\"twitter:card\" content=\"summary_large_image\" \/>\n<script type=\"application\/ld+json\" class=\"yoast-schema-graph\">{\"@context\":\"https:\/\/schema.org\",\"@graph\":[{\"@type\":\"WebPage\",\"@id\":\"https:\/\/cyberforgood.org\/de\/coup-de-main\/\",\"url\":\"https:\/\/cyberforgood.org\/de\/coup-de-main\/\",\"name\":\"\ud83d\udc4b Besoin d'un coup de main ? - Cyber for Good\",\"isPartOf\":{\"@id\":\"https:\/\/cyberforgood.org\/de\/#website\"},\"datePublished\":\"2025-09-18T13:04:08+00:00\",\"dateModified\":\"2026-02-17T16:03:09+00:00\",\"breadcrumb\":{\"@id\":\"https:\/\/cyberforgood.org\/de\/coup-de-main\/#breadcrumb\"},\"inLanguage\":\"de\",\"potentialAction\":[{\"@type\":\"ReadAction\",\"target\":[\"https:\/\/cyberforgood.org\/de\/coup-de-main\/\"]}]},{\"@type\":\"BreadcrumbList\",\"@id\":\"https:\/\/cyberforgood.org\/de\/coup-de-main\/#breadcrumb\",\"itemListElement\":[{\"@type\":\"ListItem\",\"position\":1,\"name\":\"Accueil\",\"item\":\"https:\/\/cyberforgood.org\/de\/home\/\"},{\"@type\":\"ListItem\",\"position\":2,\"name\":\"\ud83d\udc4b Besoin d&#8217;un coup de main ?\"}]},{\"@type\":\"WebSite\",\"@id\":\"https:\/\/cyberforgood.org\/de\/#website\",\"url\":\"https:\/\/cyberforgood.org\/de\/\",\"name\":\"Cyber for Good\",\"description\":\"\",\"publisher\":{\"@id\":\"https:\/\/cyberforgood.org\/de\/#organization\"},\"potentialAction\":[{\"@type\":\"SearchAction\",\"target\":{\"@type\":\"EntryPoint\",\"urlTemplate\":\"https:\/\/cyberforgood.org\/de\/?s={search_term_string}\"},\"query-input\":{\"@type\":\"PropertyValueSpecification\",\"valueRequired\":true,\"valueName\":\"search_term_string\"}}],\"inLanguage\":\"de\"},{\"@type\":\"Organization\",\"@id\":\"https:\/\/cyberforgood.org\/de\/#organization\",\"name\":\"Cyber for Good\",\"url\":\"https:\/\/cyberforgood.org\/de\/\",\"logo\":{\"@type\":\"ImageObject\",\"inLanguage\":\"de\",\"@id\":\"https:\/\/cyberforgood.org\/de\/#\/schema\/logo\/image\/\",\"url\":\"https:\/\/cyberforgood.org\/wp-content\/uploads\/2025\/09\/Logo-CFG.svg\",\"contentUrl\":\"https:\/\/cyberforgood.org\/wp-content\/uploads\/2025\/09\/Logo-CFG.svg\",\"caption\":\"Cyber for Good\"},\"image\":{\"@id\":\"https:\/\/cyberforgood.org\/de\/#\/schema\/logo\/image\/\"}}]}<\/script>\n<!-- \/ Yoast SEO plugin. -->","yoast_head_json":{"title":"\ud83d\udc4b Besoin d'un coup de main ? - Cyber for Good","robots":{"index":"index","follow":"follow","max-snippet":"max-snippet:-1","max-image-preview":"max-image-preview:large","max-video-preview":"max-video-preview:-1"},"canonical":"https:\/\/cyberforgood.org\/de\/coup-de-main\/","og_locale":"de_DE","og_type":"article","og_title":"\ud83d\udc4b Besoin d'un coup de main ? - Cyber for Good","og_url":"https:\/\/cyberforgood.org\/de\/coup-de-main\/","og_site_name":"Cyber for Good","article_modified_time":"2026-02-17T16:03:09+00:00","twitter_card":"summary_large_image","schema":{"@context":"https:\/\/schema.org","@graph":[{"@type":"WebPage","@id":"https:\/\/cyberforgood.org\/de\/coup-de-main\/","url":"https:\/\/cyberforgood.org\/de\/coup-de-main\/","name":"\ud83d\udc4b Besoin d'un coup de main ? - Cyber for Good","isPartOf":{"@id":"https:\/\/cyberforgood.org\/de\/#website"},"datePublished":"2025-09-18T13:04:08+00:00","dateModified":"2026-02-17T16:03:09+00:00","breadcrumb":{"@id":"https:\/\/cyberforgood.org\/de\/coup-de-main\/#breadcrumb"},"inLanguage":"de","potentialAction":[{"@type":"ReadAction","target":["https:\/\/cyberforgood.org\/de\/coup-de-main\/"]}]},{"@type":"BreadcrumbList","@id":"https:\/\/cyberforgood.org\/de\/coup-de-main\/#breadcrumb","itemListElement":[{"@type":"ListItem","position":1,"name":"Accueil","item":"https:\/\/cyberforgood.org\/de\/home\/"},{"@type":"ListItem","position":2,"name":"\ud83d\udc4b Besoin d&#8217;un coup de main ?"}]},{"@type":"WebSite","@id":"https:\/\/cyberforgood.org\/de\/#website","url":"https:\/\/cyberforgood.org\/de\/","name":"Cyber for Good","description":"","publisher":{"@id":"https:\/\/cyberforgood.org\/de\/#organization"},"potentialAction":[{"@type":"SearchAction","target":{"@type":"EntryPoint","urlTemplate":"https:\/\/cyberforgood.org\/de\/?s={search_term_string}"},"query-input":{"@type":"PropertyValueSpecification","valueRequired":true,"valueName":"search_term_string"}}],"inLanguage":"de"},{"@type":"Organization","@id":"https:\/\/cyberforgood.org\/de\/#organization","name":"Cyber for Good","url":"https:\/\/cyberforgood.org\/de\/","logo":{"@type":"ImageObject","inLanguage":"de","@id":"https:\/\/cyberforgood.org\/de\/#\/schema\/logo\/image\/","url":"https:\/\/cyberforgood.org\/wp-content\/uploads\/2025\/09\/Logo-CFG.svg","contentUrl":"https:\/\/cyberforgood.org\/wp-content\/uploads\/2025\/09\/Logo-CFG.svg","caption":"Cyber for Good"},"image":{"@id":"https:\/\/cyberforgood.org\/de\/#\/schema\/logo\/image\/"}}]}},"_links":{"self":[{"href":"https:\/\/cyberforgood.org\/de\/wp-json\/wp\/v2\/pages\/1511","targetHints":{"allow":["GET"]}}],"collection":[{"href":"https:\/\/cyberforgood.org\/de\/wp-json\/wp\/v2\/pages"}],"about":[{"href":"https:\/\/cyberforgood.org\/de\/wp-json\/wp\/v2\/types\/page"}],"author":[{"embeddable":true,"href":"https:\/\/cyberforgood.org\/de\/wp-json\/wp\/v2\/users\/1"}],"replies":[{"embeddable":true,"href":"https:\/\/cyberforgood.org\/de\/wp-json\/wp\/v2\/comments?post=1511"}],"version-history":[{"count":1,"href":"https:\/\/cyberforgood.org\/de\/wp-json\/wp\/v2\/pages\/1511\/revisions"}],"predecessor-version":[{"id":1513,"href":"https:\/\/cyberforgood.org\/de\/wp-json\/wp\/v2\/pages\/1511\/revisions\/1513"}],"wp:attachment":[{"href":"https:\/\/cyberforgood.org\/de\/wp-json\/wp\/v2\/media?parent=1511"}],"curies":[{"name":"wp","href":"https:\/\/api.w.org\/{rel}","templated":true}]}}