{"id":1499,"date":"2025-09-18T15:05:16","date_gmt":"2025-09-18T13:05:16","guid":{"rendered":"https:\/\/cyberforgood.org\/mentions-legales\/"},"modified":"2026-02-17T17:02:26","modified_gmt":"2026-02-17T16:02:26","slug":"mentions-legales","status":"publish","type":"page","link":"https:\/\/cyberforgood.org\/de\/mentions-legales\/","title":{"rendered":"Mentions l\u00e9gales"},"content":{"rendered":"<section id=\"block-text-box-block_ca2ffcd19c0ce29ab0099b03eae8eab5\" class=\"block-text-box\"><div class=\"content-wrapper\"><div class=text-wrapper><p><span data-contrast=\"auto\"><strong>Article 1<\/strong> : Statut<\/span><span data-contrast=\"auto\">\u202f<\/span><br \/>\n<span data-contrast=\"auto\">\u202f<\/span><br \/>\n<span data-contrast=\"auto\">Advens for People and Planet\u202f<\/span><br \/>\n<span data-contrast=\"auto\">Fonds de dotation\u202f<\/span><br \/>\n<span data-contrast=\"auto\">38 rue des Je\u00fbneurs\u202f<\/span><br \/>\n<span data-contrast=\"auto\">75002 PARIS\u202f<\/span><br \/>\n<span data-contrast=\"auto\">SIREN : 901 629 881\u202f<\/span><span data-ccp-props=\"{}\">\u00a0<\/span><\/p>\n<p><span data-contrast=\"auto\"><strong>Article 2<\/strong> : Directeur de publication<\/span><span data-contrast=\"auto\">\u202f<\/span><br \/>\n<span data-contrast=\"auto\">Monsieur Gr\u00e9goire DUCRET<\/span><span data-ccp-props=\"{&quot;134233117&quot;:false,&quot;134233118&quot;:false,&quot;201341983&quot;:0,&quot;335551550&quot;:1,&quot;335551620&quot;:1,&quot;335559685&quot;:0,&quot;335559737&quot;:0,&quot;335559738&quot;:0,&quot;335559739&quot;:160,&quot;335559740&quot;:278}\">\u00a0<\/span><\/p>\n<p><span data-contrast=\"auto\">\u202f<\/span><span data-contrast=\"auto\"><strong>Article 3<\/strong> : Objet<\/span><span data-contrast=\"auto\">\u202f<\/span><br \/>\n<span data-contrast=\"auto\">Le pr\u00e9sent document a pour objet de d\u00e9finir les modalit\u00e9s et conditions dans lesquelles d\u2019une part, le fonds de dotation Advens for People and Planet, ci-apr\u00e8s d\u00e9nomm\u00e9 l\u2019EDITEUR, met \u00e0 la disposition de ses utilisateurs le site et les services disponibles sur le site et d\u2019autre part, la mani\u00e8re par laquelle l\u2019UTILISATEUR acc\u00e8de au site et utilise ses services.\u202f<\/span><span data-ccp-props=\"{&quot;134233117&quot;:false,&quot;134233118&quot;:false,&quot;201341983&quot;:0,&quot;335551550&quot;:1,&quot;335551620&quot;:1,&quot;335559685&quot;:0,&quot;335559737&quot;:0,&quot;335559738&quot;:0,&quot;335559739&quot;:160,&quot;335559740&quot;:278}\">\u00a0<\/span><\/p>\n<p><span data-contrast=\"auto\">Toute connexion au site est subordonn\u00e9e au respect des pr\u00e9sentes conditions. Pour l\u2019UTILISATEUR, le simple acc\u00e8s au site de l\u2019EDITEUR \u00e0 l\u2019adresse URL suivante <\/span><a href=\"https:\/\/cyberforgood.orgfr\/\"><span data-contrast=\"none\">https:\/\/cyberforgood.org<\/span><\/a><span data-contrast=\"auto\">, ci-apr\u00e8s d\u00e9nomm\u00e9 le SITE, implique l\u2019acceptation de l\u2019ensemble des conditions d\u00e9crites ci-apr\u00e8s.\u202f<\/span><span data-ccp-props=\"{}\">\u00a0<\/span><\/p>\n<p><span data-contrast=\"auto\"><strong>Article 4<\/strong> : Editeur du site<\/span><span data-contrast=\"auto\">\u202f<\/span><span data-ccp-props=\"{}\">\u00a0<\/span><\/p>\n<p><span data-contrast=\"auto\">La conception, la propri\u00e9t\u00e9 et l\u2019\u00e9dition du SITE est assur\u00e9e par le fonds de dotation Advens for People and Planet.\u202f<\/span><span data-ccp-props=\"{}\">\u00a0<\/span><\/p>\n<p><span data-contrast=\"auto\">Advens for People and Planet\u202f<\/span><br \/>\n<span data-contrast=\"auto\">Fonds de dotation\u202f<\/span><br \/>\n<span data-contrast=\"auto\">38 rue des Je\u00fbneurs\u202f<\/span><br \/>\n<span data-contrast=\"auto\">75002 PARIS\u202f<\/span><br \/>\n<span data-contrast=\"auto\">SIREN : 901 629 881\u202f<\/span><span data-ccp-props=\"{}\">\u00a0<\/span><\/p>\n<p><span data-contrast=\"auto\">Contact: <\/span><a href=\"mailto:contact@cyberforgood.org\"><span data-contrast=\"none\">contact@cyberforgood.org<\/span><\/a> <span data-ccp-props=\"{}\">\u00a0<\/span><\/p>\n<p><span data-contrast=\"auto\"><strong>Article 5<\/strong> : H\u00e9bergement du site\u202f<\/span><span data-ccp-props=\"{}\">\u00a0<\/span><\/p>\n<p><span data-contrast=\"auto\">L&#8217;h\u00e9bergeur du SITE est la soci\u00e9t\u00e9 Always Data.\u202f<\/span><br \/>\n<span data-contrast=\"auto\">Always Data : 91 rue du Faubourg Saint-Honor\u00e9, 75008 Paris, France.\u202f<\/span><span data-ccp-props=\"{}\">\u00a0<\/span><\/p>\n<p><span data-contrast=\"auto\">Contact : <\/span><a href=\"https:\/\/www.alwaysdata.com\/fr\/contact\/\"><span data-contrast=\"none\">https:\/\/www.alwaysdata.com\/fr\/contact\/<\/span><\/a> <span data-ccp-props=\"{}\">\u00a0<\/span><\/p>\n<p><span data-contrast=\"auto\">\u200d<\/span><span data-contrast=\"auto\"><strong>Article 6<\/strong> : Acc\u00e8s au site<\/span><span data-contrast=\"auto\">\u202f<\/span><span data-ccp-props=\"{}\">\u00a0<\/span><\/p>\n<p><span data-contrast=\"auto\">L\u2019acc\u00e8s au SITE est gratuit \u00e0 l\u2019exception du co\u00fbt \u00e9ventuel de connexion internet.\u202f<\/span><span data-ccp-props=\"{}\">\u00a0<\/span><\/p>\n<p><span data-contrast=\"auto\">L\u2019UTILISATEUR reconnait avoir \u00e9t\u00e9 inform\u00e9 que le pr\u00e9sent SITE est accessible 24 heures sur 24 et 7 jours sur 7, \u00e0 l\u2019exception des cas de force majeure, difficult\u00e9s informatiques, difficult\u00e9s li\u00e9es \u00e0 la structure des r\u00e9seaux de communications ou difficult\u00e9s techniques.\u202f<\/span><span data-ccp-props=\"{}\">\u00a0<\/span><\/p>\n<p><span data-contrast=\"auto\">L\u2019UTILISATEUR du SITE reconna\u00eet disposer de la comp\u00e9tence et des moyens n\u00e9cessaires pour acc\u00e9der et utiliser ce site internet. Les utilisateurs de sites web sont tenus de respecter les dispositions de la loi relative \u00e0 l\u2019informatique, aux fichiers et aux libert\u00e9s, dont la violation est passible de sanctions p\u00e9nales. Ils doivent notamment s\u2019abstenir, s\u2019agissant d\u2019informations nominatives auxquelles ils acc\u00e8dent, de toute collecte, de toute utilisation d\u00e9tourn\u00e9e et d\u2019une mani\u00e8re g\u00e9n\u00e9rale, de tout acte susceptible de porter atteinte \u00e0 la vie priv\u00e9e ou \u00e0 la r\u00e9putation des personnes.\u202f<\/span><span data-ccp-props=\"{}\">\u00a0<\/span><\/p>\n<p><span data-contrast=\"auto\"><strong>Article 7<\/strong> : Contenu du site et responsabilit\u00e9<\/span><span data-contrast=\"auto\">\u202f<\/span><span data-ccp-props=\"{}\">\u00a0<\/span><\/p>\n<p><span data-contrast=\"auto\">L&#8217;EDITEUR met \u00e0 disposition des utilisateurs du SITE des informations et outils disponibles et v\u00e9rifi\u00e9s, mais il ne saurait \u00eatre tenu pour responsable des erreurs ou de l\u2019indisponibilit\u00e9 de certaines informations. Nous remercions les UTILISATEURS du SITE de nous faire part d\u2019\u00e9ventuelles omissions, erreurs ou corrections \u00e0 r\u00e9aliser.\u202f<\/span><span data-ccp-props=\"{}\">\u00a0<\/span><\/p>\n<p><span data-contrast=\"auto\">L\u2019UTILISATEUR du SITE s\u2019engage \u00e0 utiliser celui-ci conform\u00e9ment \u00e0 sa destination. En aucun cas l&#8217;EDITEUR ne peut \u00eatre tenu responsable des dommages quelconques directs ou indirects, mat\u00e9riels ou immat\u00e9riels ou sp\u00e9ciaux, r\u00e9sultant notamment de la consultation et \/ou de l\u2019utilisation de ce site internet ou d\u2019autres sites qui lui sont li\u00e9s, comme des utilisations d\u2019informations textuelles, sonores ou visuelles qui auraient pu y \u00eatre recueillies et notamment de tout pr\u00e9judice financier ou commercial, de pertes de programmes ou de donn\u00e9es dans son syst\u00e8me d\u2019information ou autre.\u202f<\/span><span data-ccp-props=\"{}\">\u00a0<\/span><\/p>\n<p><span data-contrast=\"auto\"><strong>Article 8<\/strong> : Liens hypertexte<\/span><span data-contrast=\"auto\">\u202f<\/span><span data-ccp-props=\"{}\">\u00a0<\/span><\/p>\n<p><span data-contrast=\"auto\">Le SITE peut contenir des liens hypertextes vers d\u2019autres sites pr\u00e9sents sur le r\u00e9seau Internet. Les liens vers ces autres ressources vous font quitter le SITE.\u202fL\u2019EDITEUR n\u2019est tenu d\u2019aucune responsabilit\u00e9 li\u00e9e directement ou indirectement aux autres sites concern\u00e9s.\u00a0<\/span><span data-ccp-props=\"{}\">\u00a0<\/span><\/p>\n<p><span data-contrast=\"auto\">Il est possible de cr\u00e9er un lien vers ce SITE sans autorisation expresse de l\u2019EDITEUR. Il convient toutefois d\u2019afficher ce site dans une nouvelle fen\u00eatre du navigateur. Cependant, l\u2019EDITEUR se r\u00e9serve le droit de demander la suppression d\u2019un lien qu\u2019il estime non conforme \u00e0 l\u2019objet du SITE.\u202f<\/span><span data-ccp-props=\"{}\">\u00a0<\/span><\/p>\n<p><span data-contrast=\"auto\"><strong>Article 9<\/strong> : Propri\u00e9t\u00e9 intellectuelle<\/span><span data-contrast=\"auto\">\u202f<\/span><span data-ccp-props=\"{}\">\u00a0<\/span><\/p>\n<p><span data-contrast=\"auto\">Le SITE ainsi que tous les \u00e9l\u00e9ments qui le composent (les logiciels, textes, images anim\u00e9es ou fixes, sons, base de donn\u00e9es, vid\u00e9os, dessins, graphiques, photographies) sont la propri\u00e9t\u00e9 de l&#8217;EDITEUR et sont prot\u00e9g\u00e9s par le droit de la propri\u00e9t\u00e9 intellectuelle ou par les dispositions relatives au droit \u00e0 l\u2019image.\u202f<\/span><span data-ccp-props=\"{}\">\u00a0<\/span><\/p>\n<p><span data-contrast=\"auto\">La reproduction totale ou partielle des pages de ce SITE, ainsi que des marques et logos qui y figurent, par quelques proc\u00e9d\u00e9s que ce soient, est autoris\u00e9e \u00e0 condition de mentionner explicitement la source et de renvoyer vers ce SITE.\u202f<\/span><span data-ccp-props=\"{}\">\u00a0<\/span><\/p>\n<p><span data-contrast=\"auto\"><strong>Article 10<\/strong> : Donn\u00e9es personnelles\u202f<\/span><span data-ccp-props=\"{}\">\u00a0<\/span><\/p>\n<p><span style=\"text-decoration: underline;\">Collecte de donn\u00e9es<\/span><span data-contrast=\"auto\">\u202f<\/span><span data-ccp-props=\"{}\">\u00a0<\/span><\/p>\n<p><span data-contrast=\"auto\">Les donn\u00e9es personnelles trait\u00e9es sur ce SITE sont trait\u00e9es conform\u00e9ment \u00e0 la Politique de protection des donn\u00e9es suivante : <a href=\"https:\/\/cyberforgood.org\/fr\/politique-de-protection-des-donnees\/\">Politique de protection des donn\u00e9es<\/a>.<\/span><\/p>\n<p><span data-contrast=\"auto\">Pour toute question, l\u2019UTILISATEUR peut contacter : <a href=\"mailto:contact@cyberforgood.org\">contact@cyberforgood.org<\/a>.<\/span><\/p>\n<p><span data-contrast=\"auto\">\u200d<\/span><span style=\"text-decoration: underline;\">Cookie\u202f<\/span><\/p>\n<p><span data-contrast=\"auto\">Les cookies sont trait\u00e9s conform\u00e9ment \u00e0 la Politique COOKIES suivante : <a href=\"https:\/\/cyberforgood.org\/fr\/cookies\/\">Cookies &#8211; Cyber for Good<\/a><\/span><\/p>\n<p><span style=\"text-decoration: underline;\">Droits des UTILISATEURS<\/span><\/p>\n<p><span data-contrast=\"auto\">L\u2019UTILISATEUR peut acc\u00e9der aux donn\u00e9es le concernant, les rectifier, demander leur effacement ou exercer son droit \u00e0 la limitation du traitement de ses donn\u00e9es. L\u2019UTILISATEUR peut \u00e9galement s\u2019opposer au traitement de ses donn\u00e9es et exercer son droit \u00e0 la portabilit\u00e9 de ses donn\u00e9es.\u202f\u00a0<\/span><span data-ccp-props=\"{}\">\u00a0<\/span><\/p>\n<p><span data-contrast=\"auto\">Pour exercer l\u2019un ou l\u2019autre de ses droits, il peut contacter le fonds de dotation Advens for People and Planet par mail \u00e0 <\/span><a href=\"mailto:contact@cyberforgood.org\"><span data-contrast=\"none\">contact@cyberforgood.org<\/span><\/a><span data-contrast=\"auto\"> ou courrier postal \u00e0 Advens for People and Planet, 38 rue des Je\u00fbneurs, 75002 Paris. Advens for People and Planet r\u00e9pondra \u00e0 la demande dans un d\u00e9lai de 30 jours \u00e0 compter de la r\u00e9ception de la demande compl\u00e8te. Advens for People and Planet se r\u00e9serve la possibilit\u00e9 de ne pas donner suite aux demandes manifestement infond\u00e9es ou excessives.\u202f\u00a0<\/span><span data-ccp-props=\"{}\">\u00a0<\/span><\/p>\n<p><span data-contrast=\"auto\">Pour toute information compl\u00e9mentaire sur la protection de ses Donn\u00e9es Personnelles, l\u2019UTILISATEUR est invit\u00e9 \u00e0 consulter la <a href=\"https:\/\/cyberforgood.org\/fr\/politique-de-protection-des-donnees\/\">Politique de protection des donn\u00e9es<\/a><\/span><span data-contrast=\"auto\">. L\u2019UTILISATEUR peut \u00e9galement se rendre sur le Site de la Commission Nationale de l\u2019Informatique et des Libert\u00e9s <\/span><a href=\"https:\/\/www.cnil.fr\/\"><span data-contrast=\"none\">www.cnil.fr<\/span><\/a><span data-contrast=\"auto\">.\u202f<\/span><span data-ccp-props=\"{}\">\u00a0<\/span><\/p>\n<p><span data-contrast=\"auto\">Si l\u2019utilisateur estime, apr\u00e8s avoir contact\u00e9 Advens for People and Planet, que ses droits \u00ab Informatique et Libert\u00e9s \u00bb ne sont pas respect\u00e9s, l\u2019utilisateur peut adresser une r\u00e9clamation \u00e0 la CNIL.\u202f <\/span><span data-ccp-props=\"{}\">\u00a0<\/span><\/p>\n<p><span data-contrast=\"auto\">\u200d<\/span><span data-contrast=\"auto\"><strong>Article 11<\/strong> : Loi applicable<\/span><span data-contrast=\"auto\">\u202f<\/span><span data-ccp-props=\"{}\">\u00a0<\/span><\/p>\n<p><span data-contrast=\"auto\">L\u2019usage de ce site est r\u00e9gi par la loi fran\u00e7aise \u00e0 l\u2019exception de toute autre l\u00e9gislation.\u202f<\/span><\/p>\n<\/div><\/div><\/section>","protected":false},"excerpt":{"rendered":"","protected":false},"author":1,"featured_media":0,"parent":0,"menu_order":0,"comment_status":"closed","ping_status":"closed","template":"","meta":{"_acf_changed":false,"footnotes":""},"class_list":["post-1499","page","type-page","status-publish","hentry"],"acf":[],"yoast_head":"<!-- This site is optimized with the Yoast SEO plugin v27.2 - https:\/\/yoast.com\/product\/yoast-seo-wordpress\/ -->\n<title>Mentions l\u00e9gales - Cyber for Good<\/title>\n<meta name=\"robots\" content=\"index, follow, max-snippet:-1, max-image-preview:large, max-video-preview:-1\" \/>\n<link rel=\"canonical\" href=\"https:\/\/cyberforgood.org\/de\/mentions-legales\/\" \/>\n<meta property=\"og:locale\" content=\"de_DE\" \/>\n<meta property=\"og:type\" content=\"article\" \/>\n<meta property=\"og:title\" content=\"Mentions l\u00e9gales - Cyber for Good\" \/>\n<meta property=\"og:url\" content=\"https:\/\/cyberforgood.org\/de\/mentions-legales\/\" \/>\n<meta property=\"og:site_name\" content=\"Cyber for Good\" \/>\n<meta property=\"article:modified_time\" content=\"2026-02-17T16:02:26+00:00\" \/>\n<meta name=\"twitter:card\" content=\"summary_large_image\" \/>\n<script type=\"application\/ld+json\" class=\"yoast-schema-graph\">{\"@context\":\"https:\/\/schema.org\",\"@graph\":[{\"@type\":\"WebPage\",\"@id\":\"https:\/\/cyberforgood.org\/de\/mentions-legales\/\",\"url\":\"https:\/\/cyberforgood.org\/de\/mentions-legales\/\",\"name\":\"Mentions l\u00e9gales - Cyber for Good\",\"isPartOf\":{\"@id\":\"https:\/\/cyberforgood.org\/de\/#website\"},\"datePublished\":\"2025-09-18T13:05:16+00:00\",\"dateModified\":\"2026-02-17T16:02:26+00:00\",\"breadcrumb\":{\"@id\":\"https:\/\/cyberforgood.org\/de\/mentions-legales\/#breadcrumb\"},\"inLanguage\":\"de\",\"potentialAction\":[{\"@type\":\"ReadAction\",\"target\":[\"https:\/\/cyberforgood.org\/de\/mentions-legales\/\"]}]},{\"@type\":\"BreadcrumbList\",\"@id\":\"https:\/\/cyberforgood.org\/de\/mentions-legales\/#breadcrumb\",\"itemListElement\":[{\"@type\":\"ListItem\",\"position\":1,\"name\":\"Accueil\",\"item\":\"https:\/\/cyberforgood.org\/de\/home\/\"},{\"@type\":\"ListItem\",\"position\":2,\"name\":\"Mentions l\u00e9gales\"}]},{\"@type\":\"WebSite\",\"@id\":\"https:\/\/cyberforgood.org\/de\/#website\",\"url\":\"https:\/\/cyberforgood.org\/de\/\",\"name\":\"Cyber for Good\",\"description\":\"\",\"publisher\":{\"@id\":\"https:\/\/cyberforgood.org\/de\/#organization\"},\"potentialAction\":[{\"@type\":\"SearchAction\",\"target\":{\"@type\":\"EntryPoint\",\"urlTemplate\":\"https:\/\/cyberforgood.org\/de\/?s={search_term_string}\"},\"query-input\":{\"@type\":\"PropertyValueSpecification\",\"valueRequired\":true,\"valueName\":\"search_term_string\"}}],\"inLanguage\":\"de\"},{\"@type\":\"Organization\",\"@id\":\"https:\/\/cyberforgood.org\/de\/#organization\",\"name\":\"Cyber for Good\",\"url\":\"https:\/\/cyberforgood.org\/de\/\",\"logo\":{\"@type\":\"ImageObject\",\"inLanguage\":\"de\",\"@id\":\"https:\/\/cyberforgood.org\/de\/#\/schema\/logo\/image\/\",\"url\":\"https:\/\/cyberforgood.org\/wp-content\/uploads\/2025\/09\/Logo-CFG.svg\",\"contentUrl\":\"https:\/\/cyberforgood.org\/wp-content\/uploads\/2025\/09\/Logo-CFG.svg\",\"caption\":\"Cyber for Good\"},\"image\":{\"@id\":\"https:\/\/cyberforgood.org\/de\/#\/schema\/logo\/image\/\"}}]}<\/script>\n<!-- \/ Yoast SEO plugin. -->","yoast_head_json":{"title":"Mentions l\u00e9gales - Cyber for Good","robots":{"index":"index","follow":"follow","max-snippet":"max-snippet:-1","max-image-preview":"max-image-preview:large","max-video-preview":"max-video-preview:-1"},"canonical":"https:\/\/cyberforgood.org\/de\/mentions-legales\/","og_locale":"de_DE","og_type":"article","og_title":"Mentions l\u00e9gales - Cyber for Good","og_url":"https:\/\/cyberforgood.org\/de\/mentions-legales\/","og_site_name":"Cyber for Good","article_modified_time":"2026-02-17T16:02:26+00:00","twitter_card":"summary_large_image","schema":{"@context":"https:\/\/schema.org","@graph":[{"@type":"WebPage","@id":"https:\/\/cyberforgood.org\/de\/mentions-legales\/","url":"https:\/\/cyberforgood.org\/de\/mentions-legales\/","name":"Mentions l\u00e9gales - Cyber for Good","isPartOf":{"@id":"https:\/\/cyberforgood.org\/de\/#website"},"datePublished":"2025-09-18T13:05:16+00:00","dateModified":"2026-02-17T16:02:26+00:00","breadcrumb":{"@id":"https:\/\/cyberforgood.org\/de\/mentions-legales\/#breadcrumb"},"inLanguage":"de","potentialAction":[{"@type":"ReadAction","target":["https:\/\/cyberforgood.org\/de\/mentions-legales\/"]}]},{"@type":"BreadcrumbList","@id":"https:\/\/cyberforgood.org\/de\/mentions-legales\/#breadcrumb","itemListElement":[{"@type":"ListItem","position":1,"name":"Accueil","item":"https:\/\/cyberforgood.org\/de\/home\/"},{"@type":"ListItem","position":2,"name":"Mentions l\u00e9gales"}]},{"@type":"WebSite","@id":"https:\/\/cyberforgood.org\/de\/#website","url":"https:\/\/cyberforgood.org\/de\/","name":"Cyber for Good","description":"","publisher":{"@id":"https:\/\/cyberforgood.org\/de\/#organization"},"potentialAction":[{"@type":"SearchAction","target":{"@type":"EntryPoint","urlTemplate":"https:\/\/cyberforgood.org\/de\/?s={search_term_string}"},"query-input":{"@type":"PropertyValueSpecification","valueRequired":true,"valueName":"search_term_string"}}],"inLanguage":"de"},{"@type":"Organization","@id":"https:\/\/cyberforgood.org\/de\/#organization","name":"Cyber for Good","url":"https:\/\/cyberforgood.org\/de\/","logo":{"@type":"ImageObject","inLanguage":"de","@id":"https:\/\/cyberforgood.org\/de\/#\/schema\/logo\/image\/","url":"https:\/\/cyberforgood.org\/wp-content\/uploads\/2025\/09\/Logo-CFG.svg","contentUrl":"https:\/\/cyberforgood.org\/wp-content\/uploads\/2025\/09\/Logo-CFG.svg","caption":"Cyber for Good"},"image":{"@id":"https:\/\/cyberforgood.org\/de\/#\/schema\/logo\/image\/"}}]}},"_links":{"self":[{"href":"https:\/\/cyberforgood.org\/de\/wp-json\/wp\/v2\/pages\/1499","targetHints":{"allow":["GET"]}}],"collection":[{"href":"https:\/\/cyberforgood.org\/de\/wp-json\/wp\/v2\/pages"}],"about":[{"href":"https:\/\/cyberforgood.org\/de\/wp-json\/wp\/v2\/types\/page"}],"author":[{"embeddable":true,"href":"https:\/\/cyberforgood.org\/de\/wp-json\/wp\/v2\/users\/1"}],"replies":[{"embeddable":true,"href":"https:\/\/cyberforgood.org\/de\/wp-json\/wp\/v2\/comments?post=1499"}],"version-history":[{"count":1,"href":"https:\/\/cyberforgood.org\/de\/wp-json\/wp\/v2\/pages\/1499\/revisions"}],"predecessor-version":[{"id":1501,"href":"https:\/\/cyberforgood.org\/de\/wp-json\/wp\/v2\/pages\/1499\/revisions\/1501"}],"wp:attachment":[{"href":"https:\/\/cyberforgood.org\/de\/wp-json\/wp\/v2\/media?parent=1499"}],"curies":[{"name":"wp","href":"https:\/\/api.w.org\/{rel}","templated":true}]}}