{"id":1473,"date":"2025-09-18T11:16:40","date_gmt":"2025-09-18T09:16:40","guid":{"rendered":"https:\/\/cyberforgood.org\/home\/"},"modified":"2026-02-17T17:00:22","modified_gmt":"2026-02-17T16:00:22","slug":"home","status":"publish","type":"page","link":"https:\/\/cyberforgood.org\/de\/","title":{"rendered":"Home"},"content":{"rendered":"<section id=\"block-section-hero-block_7f4731fe6741aa68206f1a3fb577ea4f\" class=\"block-section-hero blank\"><div class=\"content-wrapper\"><img decoding=\"async\" src=\"https:\/\/cyberforgood.org\/wp-content\/uploads\/2025\/10\/HOME_01-665x1024.png\" width=\"665\" height=\"1024\" alt=\"Cyber for Good\"><div class=text-wrapper><h2 class=\"section-title\"><span>Cyber for Good<\/span> I Prot\u00e9ger les acteurs essentiels \u00e0 notre d\u00e9mocratie<\/h2><p>Un programme gratuit visant \u00e0 prot\u00e9ger et outiller les acteurs essentiels \u00e0 la d\u00e9mocratie face aux enjeux cyber, renforcer leur souverainet\u00e9 num\u00e9rique et leur permettre de tirer parti du num\u00e9rique en toute confiance.<\/p>\n<p>Un programme cr\u00e9\u00e9 par le fonds de dotation Advens for People and Planet.<\/p>\n<div class=hero-logos><div><a href=\"#\" target=\"_blank\" title=\"Logo Advens for People and Planet\"><img decoding=\"async\" src=\"https:\/\/cyberforgood.org\/wp-content\/uploads\/2025\/10\/0-1-300x104.jpg\" width=\"300\" height=\"104\" alt=\"\"><\/a><\/div><\/div><\/div><\/div><\/section>\n\n<section data-block-id=\"block_7cec6ebe5a33fb7a9748fe3c3066a222\" id=\"block-two-sectionsblock_7cec6ebe5a33fb7a9748fe3c3066a222\" class=\"block-two-sections\"><div class=content-wrapper><div class=\"sections-wrapper col-2\"><article class=\"section-site ess\"><div class=two-section-header><img decoding=\"async\" src=\"https:\/\/cyberforgood.org\/wp-content\/uploads\/2025\/09\/Pastille-ESS.svg\" alt=\"Pastille ESS\"><h3><span>\ud83e\udd1d\ud83c\udffe Cyber for Good ESS<\/span> I <br> La cybers\u00e9curit\u00e9 pour les acteurs de l\u2019Economie Sociale et Solidaire<\/h3><\/div><div class=two-sections_text><p><span class=\"TextRun SCXW162378918 BCX8\" lang=\"FR-FR\" xml:lang=\"FR-FR\" data-contrast=\"none\"><span class=\"NormalTextRun SCXW162378918 BCX8\">Les structures de l\u2019\u00c9conomie Sociale et Solidaire (ESS) jouent un r\u00f4le vital aupr\u00e8s de publics vuln\u00e9rables. Pourtant, elles restent souvent peu pr\u00e9par\u00e9es face aux risques num\u00e9riques. <\/span><\/span><\/p>\n<p><span class=\"TextRun SCXW162378918 BCX8\" lang=\"FR-FR\" xml:lang=\"FR-FR\" data-contrast=\"none\"><span class=\"NormalTextRun SCXW162378918 BCX8\">Faute de moyens, de formation ou de ressources techniques, elles sont particuli\u00e8rement vuln\u00e9rables aux cyberattaques. Les accompagner, c\u2019est renforcer la r\u00e9silience de tout un \u00e9cosyst\u00e8me solidaire et interconnect\u00e9.<\/span><\/span><span class=\"LineBreakBlob BlobObject DragDrop SCXW162378918 BCX8\"><span class=\"SCXW162378918 BCX8\">\u00a0<\/span><br class=\"SCXW162378918 BCX8\" \/><\/span><\/p>\n<p>Un programme fond\u00e9 par Advens for People and Planet, Latitudes et Share it, en partenariat avec la Fondation Devoteam Assoconnect, Hello Asso, Solidatech, Cress IdF, Philanthrolab, Wikimedia France, makesense, France G\u00e9n\u00e9rosit\u00e9 et Sciences Po Paris.<\/p>\n<\/div><button><a href=\"https:\/\/cyberforgood.org\/ess\/\" title=\"D\u00e9couvrez l'offre ESS\" target=\"\">D\u00e9couvrez l&#8217;offre ESS<\/a><\/button><\/article><article class=\"section-site media\"><div class=two-section-header><img decoding=\"async\" src=\"https:\/\/cyberforgood.org\/wp-content\/uploads\/2025\/09\/Pastille-MEDIA.svg\" alt=\"Pastille M\u00e9dia\"><h3>\u270d<span>Cyber for Good MEDIA<\/span> I <br> Prot\u00e9ger les journalistes ind\u00e9pendants et de la PQR face \u00e0 la menace informatique<\/h3><\/div><div class=two-sections_text><p>Les journalistes sont de plus en plus cibl\u00e9s par les cyberattaques et par les manipulations de l\u2019information en raison de leur visibilit\u00e9 et de leur r\u00f4le critique dans la diffusion de donn\u00e9es parfois tr\u00e8s sensibles.<\/p>\n<p>Notre mission ? Mieux les prot\u00e9ger et les outiller face aux ing\u00e9rences et aux risques de manipulation dans l\u2019espace num\u00e9rique. Ce programme est destin\u00e9 aux journalistes et aux m\u00e9dias ind\u00e9pendants, et \u00e0 la presse quotidienne r\u00e9gionale (PQR).<\/p>\n<p>Un programme fond\u00e9 par Advens for People and Planet et VIGINUM, en partenariat avec Les Surligneurs et coop.m\u00e9dias.<\/p>\n<\/div><button><a href=\"https:\/\/cyberforgood.org\/media\/\" title=\"D\u00e9couvrez l'offre M\u00e9dia\" target=\"\">D\u00e9couvrez l&#8217;offre M\u00e9dia<\/a><\/button><\/article><\/div><\/div><\/section>\n\n<section data-block-id=\"block_654740b6788a20c3ffd82babb5d13172\" id=\"key-figures-block_654740b6788a20c3ffd82babb5d13172\" class=\"key-figures no-title\"><div class=content-wrapper><div class=\"key-figures col-4\"><div class=\"key-figure-container initial\"><h4><span class=\"figure countup\" id=\"figure-block_654740b6788a20c3ffd82babb5d13172-1\"  data-max-number=\"39\">0<\/span><span>%<\/span> <br>d&#8217;attaques en plus chaque ann\u00e9e depuis 2023<\/h4><\/div><script>\n        var waypoint = new Waypoint({\n          element: document.querySelector(\"[data-block-id=block_654740b6788a20c3ffd82babb5d13172\"),\n          handler: function(direction) {\n            Array.from(document.querySelectorAll(\"#figure-block_654740b6788a20c3ffd82babb5d13172-1\")).forEach(elem => {\n              new numberRush(\"figure-block_654740b6788a20c3ffd82babb5d13172-1\", {\n                speed: 60,\n                steps: 1,\n              })\n            })\n          },\n          offset: \"70%\"\n        })\n      <\/script><div class=\"key-figure-container initial\"><h4><span class=\"figure countup\" id=\"figure-block_654740b6788a20c3ffd82babb5d13172-2\"  data-max-number=\"87\">0<\/span><span>%<\/span> <br>des experts cyber d&#8217;Advens ont \u00e9t\u00e9 confront\u00e9s \u00e0 des attaques pilot\u00e9es par l\u2019IA en 2024<\/h4><\/div><script>\n        var waypoint = new Waypoint({\n          element: document.querySelector(\"[data-block-id=block_654740b6788a20c3ffd82babb5d13172\"),\n          handler: function(direction) {\n            Array.from(document.querySelectorAll(\"#figure-block_654740b6788a20c3ffd82babb5d13172-2\")).forEach(elem => {\n              new numberRush(\"figure-block_654740b6788a20c3ffd82babb5d13172-2\", {\n                speed: 50,\n                steps: 1,\n              })\n            })\n          },\n          offset: \"70%\"\n        })\n      <\/script><div class=\"key-figure-container initial\"><h4><span class=\"figure countup\" id=\"figure-block_654740b6788a20c3ffd82babb5d13172-3\"  data-max-number=\"50\">0<\/span><span>K<\/span> <br>est le co\u00fbt m\u00e9dian d&#8217;une cyberattaque<\/h4><\/div><script>\n        var waypoint = new Waypoint({\n          element: document.querySelector(\"[data-block-id=block_654740b6788a20c3ffd82babb5d13172\"),\n          handler: function(direction) {\n            Array.from(document.querySelectorAll(\"#figure-block_654740b6788a20c3ffd82babb5d13172-3\")).forEach(elem => {\n              new numberRush(\"figure-block_654740b6788a20c3ffd82babb5d13172-3\", {\n                speed: 67,\n                steps: 1,\n              })\n            })\n          },\n          offset: \"70%\"\n        })\n      <\/script><div class=\"key-figure-container initial\"><h4><span class=\"figure countup\" id=\"figure-block_654740b6788a20c3ffd82babb5d13172-4\"  data-max-number=\"300\">0<\/span> <br>ing\u00e9rences num\u00e9riques \u00e9trang\u00e8res d\u00e9tect\u00e9es chaque ann\u00e9e en France<\/h4><p class=\"source\"><a href=\"https:\/\/info.advens.fr\/fr\/rapport-etat-de-la-menace-2025\" target=\"_blank\">Source : Rapport sur l\u2019\u00e9tat de la menace Advens 2024-2025 et VIGINUM<\/a><\/p><\/div><script>\n        var waypoint = new Waypoint({\n          element: document.querySelector(\"[data-block-id=block_654740b6788a20c3ffd82babb5d13172\"),\n          handler: function(direction) {\n            Array.from(document.querySelectorAll(\"#figure-block_654740b6788a20c3ffd82babb5d13172-4\")).forEach(elem => {\n              new numberRush(\"figure-block_654740b6788a20c3ffd82babb5d13172-4\", {\n                speed: 12,\n                steps: 1,\n              })\n            })\n          },\n          offset: \"70%\"\n        })\n      <\/script><\/div><\/div><\/section>\n\n<section id=\"block-image-text-block_5429b229b8099f0b7578d42fc49e7665\" class=\"block-image-text\"><div class=\"content-wrapper no-image image-left\"><div class=text-wrapper><ol>\n<li>\n<h3><strong>\ud83d\udee1\ufe0f Prot\u00e9ger, outiller et accompagner les acteurs vuln\u00e9rables<\/strong><\/h3>\n<p>Face \u00e0 la mont\u00e9e des cyberattaques et des manipulations num\u00e9riques, les programmes de Cyber for Good proposent des outils pour comprendre, anticiper et contrer ces menaces : intelligence artificielle, hygi\u00e8ne num\u00e9rique, conformit\u00e9 juridique&#8230; De la sensibilisation aux bonnes pratiques jusqu\u2019\u00e0 la ma\u00eetrise des enjeux cyber, soyez pr\u00eats \u00e0 prot\u00e9ger vos donn\u00e9es en ligne.<\/li>\n<li>\n<h3><strong>\ud83c\udfdb\ufe0f Rassembler les experts europ\u00e9ens cyber engag\u00e9s pour la d\u00e9mocratie<\/strong><\/h3>\n<p>Cyber for Good est la plateforme qui f\u00e9d\u00e8re les entreprises de la tech fran\u00e7aises autour d\u2019un objectif : partager des ressources et des outils align\u00e9s avec les valeurs et les normes europ\u00e9ennes. Ensemble, construisons un num\u00e9rique responsable, s\u00e9curis\u00e9 et respectueux des valeurs d\u00e9mocratiques.<\/li>\n<li>\n<h3><strong>\ud83c\udf10 D\u00e9fendre la souverainet\u00e9 num\u00e9rique en France et en Europe<\/strong><\/h3>\n<p>\u00c0 l\u2019heure o\u00f9 le num\u00e9rique fa\u00e7onne profond\u00e9ment nos soci\u00e9t\u00e9s, la souverainet\u00e9 num\u00e9rique europ\u00e9enne appara\u00eet comme un imp\u00e9ratif strat\u00e9gique majeur. Elle incarne la capacit\u00e9 de l\u2019Europe \u00e0 ma\u00eetriser ses technologies, ses infrastructures et ses donn\u00e9es, afin de garantir son ind\u00e9pendance, sa s\u00e9curit\u00e9 et sa cr\u00e9ativit\u00e9.<\/li>\n<\/ol>\n<p><strong>\ud83d\udd34 Ensemble, construisons les Commons de la cyber ! <\/strong>Tout ce que vous trouverez sur notre espace \u201cCommons\u201d est \u2014 gr\u00e2ce \u00e0 la licence Creative Commons \u2014 libre de partage, d\u2019usage et d\u2019adaptation. \u00a0Sous r\u00e9serve de citer la source, de ne pas en faire un usage commercial et de partager vos propres cr\u00e9ations sous les m\u00eames r\u00e8gles, libre \u00e0 vous d\u2019utiliser nos contenus et de les faire vivre ! Pour nous, cette licence repr\u00e9sente bien plus qu\u2019une simple formalit\u00e9 : elle permet de diffuser le savoir, de valoriser la cr\u00e9ativit\u00e9 collective tout en respectant le travail des auteurs.<\/p>\n<\/div><\/div><\/section>\n\n\n\n\n<p><\/p>\n","protected":false},"excerpt":{"rendered":"","protected":false},"author":1,"featured_media":0,"parent":0,"menu_order":0,"comment_status":"closed","ping_status":"closed","template":"","meta":{"_acf_changed":false,"footnotes":""},"class_list":["post-1473","page","type-page","status-publish","hentry"],"acf":[],"yoast_head":"<!-- This site is optimized with the Yoast SEO plugin v27.2 - https:\/\/yoast.com\/product\/yoast-seo-wordpress\/ -->\n<title>Cyber for Good - Prot\u00e9ger les acteurs essentiels \u00e0 notre d\u00e9mocratie<\/title>\n<meta name=\"robots\" content=\"index, follow, max-snippet:-1, max-image-preview:large, max-video-preview:-1\" \/>\n<link rel=\"canonical\" href=\"https:\/\/cyberforgood.org\/de\/\" \/>\n<meta property=\"og:locale\" content=\"de_DE\" \/>\n<meta property=\"og:type\" content=\"article\" \/>\n<meta property=\"og:title\" content=\"Cyber for Good - Prot\u00e9ger les acteurs essentiels \u00e0 notre d\u00e9mocratie\" \/>\n<meta property=\"og:url\" content=\"https:\/\/cyberforgood.org\/de\/\" \/>\n<meta property=\"og:site_name\" content=\"Cyber for Good\" \/>\n<meta property=\"article:modified_time\" content=\"2026-02-17T16:00:22+00:00\" \/>\n<meta property=\"og:image\" content=\"https:\/\/cyberforgood.org\/wp-content\/uploads\/2025\/11\/screenshot.png\" \/>\n\t<meta property=\"og:image:width\" content=\"1200\" \/>\n\t<meta property=\"og:image:height\" content=\"900\" \/>\n\t<meta property=\"og:image:type\" content=\"image\/png\" \/>\n<meta name=\"twitter:card\" content=\"summary_large_image\" \/>\n<script type=\"application\/ld+json\" class=\"yoast-schema-graph\">{\"@context\":\"https:\/\/schema.org\",\"@graph\":[{\"@type\":\"WebPage\",\"@id\":\"https:\/\/cyberforgood.org\/de\/\",\"url\":\"https:\/\/cyberforgood.org\/de\/\",\"name\":\"Cyber for Good - Prot\u00e9ger les acteurs essentiels \u00e0 notre d\u00e9mocratie\",\"isPartOf\":{\"@id\":\"https:\/\/cyberforgood.org\/de\/#website\"},\"datePublished\":\"2025-09-18T09:16:40+00:00\",\"dateModified\":\"2026-02-17T16:00:22+00:00\",\"breadcrumb\":{\"@id\":\"https:\/\/cyberforgood.org\/de\/#breadcrumb\"},\"inLanguage\":\"de\",\"potentialAction\":[{\"@type\":\"ReadAction\",\"target\":[\"https:\/\/cyberforgood.org\/de\/\"]}]},{\"@type\":\"BreadcrumbList\",\"@id\":\"https:\/\/cyberforgood.org\/de\/#breadcrumb\",\"itemListElement\":[{\"@type\":\"ListItem\",\"position\":1,\"name\":\"Accueil\",\"item\":\"https:\/\/cyberforgood.org\/de\/home\/\"},{\"@type\":\"ListItem\",\"position\":2,\"name\":\"Home\"}]},{\"@type\":\"WebSite\",\"@id\":\"https:\/\/cyberforgood.org\/de\/#website\",\"url\":\"https:\/\/cyberforgood.org\/de\/\",\"name\":\"Cyber for Good\",\"description\":\"\",\"publisher\":{\"@id\":\"https:\/\/cyberforgood.org\/de\/#organization\"},\"potentialAction\":[{\"@type\":\"SearchAction\",\"target\":{\"@type\":\"EntryPoint\",\"urlTemplate\":\"https:\/\/cyberforgood.org\/de\/?s={search_term_string}\"},\"query-input\":{\"@type\":\"PropertyValueSpecification\",\"valueRequired\":true,\"valueName\":\"search_term_string\"}}],\"inLanguage\":\"de\"},{\"@type\":\"Organization\",\"@id\":\"https:\/\/cyberforgood.org\/de\/#organization\",\"name\":\"Cyber for Good\",\"url\":\"https:\/\/cyberforgood.org\/de\/\",\"logo\":{\"@type\":\"ImageObject\",\"inLanguage\":\"de\",\"@id\":\"https:\/\/cyberforgood.org\/de\/#\/schema\/logo\/image\/\",\"url\":\"https:\/\/cyberforgood.org\/wp-content\/uploads\/2025\/09\/Logo-CFG.svg\",\"contentUrl\":\"https:\/\/cyberforgood.org\/wp-content\/uploads\/2025\/09\/Logo-CFG.svg\",\"caption\":\"Cyber for Good\"},\"image\":{\"@id\":\"https:\/\/cyberforgood.org\/de\/#\/schema\/logo\/image\/\"}}]}<\/script>\n<!-- \/ Yoast SEO plugin. -->","yoast_head_json":{"title":"Cyber for Good - Prot\u00e9ger les acteurs essentiels \u00e0 notre d\u00e9mocratie","robots":{"index":"index","follow":"follow","max-snippet":"max-snippet:-1","max-image-preview":"max-image-preview:large","max-video-preview":"max-video-preview:-1"},"canonical":"https:\/\/cyberforgood.org\/de\/","og_locale":"de_DE","og_type":"article","og_title":"Cyber for Good - Prot\u00e9ger les acteurs essentiels \u00e0 notre d\u00e9mocratie","og_url":"https:\/\/cyberforgood.org\/de\/","og_site_name":"Cyber for Good","article_modified_time":"2026-02-17T16:00:22+00:00","og_image":[{"width":1200,"height":900,"url":"https:\/\/cyberforgood.org\/wp-content\/uploads\/2025\/11\/screenshot.png","type":"image\/png"}],"twitter_card":"summary_large_image","schema":{"@context":"https:\/\/schema.org","@graph":[{"@type":"WebPage","@id":"https:\/\/cyberforgood.org\/de\/","url":"https:\/\/cyberforgood.org\/de\/","name":"Cyber for Good - Prot\u00e9ger les acteurs essentiels \u00e0 notre d\u00e9mocratie","isPartOf":{"@id":"https:\/\/cyberforgood.org\/de\/#website"},"datePublished":"2025-09-18T09:16:40+00:00","dateModified":"2026-02-17T16:00:22+00:00","breadcrumb":{"@id":"https:\/\/cyberforgood.org\/de\/#breadcrumb"},"inLanguage":"de","potentialAction":[{"@type":"ReadAction","target":["https:\/\/cyberforgood.org\/de\/"]}]},{"@type":"BreadcrumbList","@id":"https:\/\/cyberforgood.org\/de\/#breadcrumb","itemListElement":[{"@type":"ListItem","position":1,"name":"Accueil","item":"https:\/\/cyberforgood.org\/de\/home\/"},{"@type":"ListItem","position":2,"name":"Home"}]},{"@type":"WebSite","@id":"https:\/\/cyberforgood.org\/de\/#website","url":"https:\/\/cyberforgood.org\/de\/","name":"Cyber for Good","description":"","publisher":{"@id":"https:\/\/cyberforgood.org\/de\/#organization"},"potentialAction":[{"@type":"SearchAction","target":{"@type":"EntryPoint","urlTemplate":"https:\/\/cyberforgood.org\/de\/?s={search_term_string}"},"query-input":{"@type":"PropertyValueSpecification","valueRequired":true,"valueName":"search_term_string"}}],"inLanguage":"de"},{"@type":"Organization","@id":"https:\/\/cyberforgood.org\/de\/#organization","name":"Cyber for Good","url":"https:\/\/cyberforgood.org\/de\/","logo":{"@type":"ImageObject","inLanguage":"de","@id":"https:\/\/cyberforgood.org\/de\/#\/schema\/logo\/image\/","url":"https:\/\/cyberforgood.org\/wp-content\/uploads\/2025\/09\/Logo-CFG.svg","contentUrl":"https:\/\/cyberforgood.org\/wp-content\/uploads\/2025\/09\/Logo-CFG.svg","caption":"Cyber for Good"},"image":{"@id":"https:\/\/cyberforgood.org\/de\/#\/schema\/logo\/image\/"}}]}},"_links":{"self":[{"href":"https:\/\/cyberforgood.org\/de\/wp-json\/wp\/v2\/pages\/1473","targetHints":{"allow":["GET"]}}],"collection":[{"href":"https:\/\/cyberforgood.org\/de\/wp-json\/wp\/v2\/pages"}],"about":[{"href":"https:\/\/cyberforgood.org\/de\/wp-json\/wp\/v2\/types\/page"}],"author":[{"embeddable":true,"href":"https:\/\/cyberforgood.org\/de\/wp-json\/wp\/v2\/users\/1"}],"replies":[{"embeddable":true,"href":"https:\/\/cyberforgood.org\/de\/wp-json\/wp\/v2\/comments?post=1473"}],"version-history":[{"count":1,"href":"https:\/\/cyberforgood.org\/de\/wp-json\/wp\/v2\/pages\/1473\/revisions"}],"predecessor-version":[{"id":1481,"href":"https:\/\/cyberforgood.org\/de\/wp-json\/wp\/v2\/pages\/1473\/revisions\/1481"}],"wp:attachment":[{"href":"https:\/\/cyberforgood.org\/de\/wp-json\/wp\/v2\/media?parent=1473"}],"curies":[{"name":"wp","href":"https:\/\/api.w.org\/{rel}","templated":true}]}}